{"id":16,"date":"2024-06-07T21:18:00","date_gmt":"2024-06-07T18:18:00","guid":{"rendered":"https:\/\/blaze-cassino.com\/?page_id=16"},"modified":"2024-06-10T01:56:51","modified_gmt":"2024-06-09T22:56:51","slug":"registration-at-blaze-online-casino","status":"publish","type":"page","link":"https:\/\/blaze-cassino.com\/es\/registration-at-blaze-online-casino\/","title":{"rendered":"Registro en el Casino Online Blaze"},"content":{"rendered":"<p><span style=\"font-weight: 400;\">Registrarse en el casino en l\u00ednea Blaze es un proceso simple y r\u00e1pido que te permite empezar a jugar y disfrutar de todos los beneficios de la plataforma en cuesti\u00f3n de minutos. Blaze ofrece varios m\u00e9todos de registro para que cada jugador pueda elegir el m\u00e9todo m\u00e1s conveniente. En esta gu\u00eda, cubriremos los principales m\u00e9todos de registro y proporcionaremos instrucciones paso a paso para cada uno de ellos.<\/span><\/p>\n<h2><b>M\u00e9todos de Registro en el Casino Blaze<\/b><\/h2>\n<ol>\n<li style=\"font-weight: 400;\" aria-level=\"1\"><b>Registro por Correo Electr\u00f3nico<\/b><\/li>\n<li style=\"font-weight: 400;\" aria-level=\"1\"><b>Registro por N\u00famero de Tel\u00e9fono<\/b><\/li>\n<li style=\"font-weight: 400;\" aria-level=\"1\"><b>Registro por Redes Sociales<\/b><\/li>\n<\/ol>\n<h3><b>Registro por Correo Electr\u00f3nico<\/b><\/h3>\n<p><span style=\"font-weight: 400;\">El registro por correo electr\u00f3nico es una forma cl\u00e1sica de crear una cuenta en el casino Blaze. Aqu\u00ed te explicamos c\u00f3mo hacerlo:<\/span><\/p>\n<ol>\n<li style=\"font-weight: 400;\" aria-level=\"1\"><b>Ve al sitio web oficial del casino Blaze.<\/b><span style=\"font-weight: 400;\"> En la p\u00e1gina principal, encuentra el bot\u00f3n \u00abRegistro\u00bb o \u00abSign Up\u00bb y haz clic en \u00e9l.<\/span><\/li>\n<li style=\"font-weight: 400;\" aria-level=\"1\"><b>Llena el formulario de registro.<\/b><span style=\"font-weight: 400;\"> Introduce tus datos personales, incluyendo:<\/span>\n<ul>\n<li style=\"font-weight: 400;\" aria-level=\"2\"><span style=\"font-weight: 400;\">Nombre y apellido<\/span><\/li>\n<li style=\"font-weight: 400;\" aria-level=\"2\"><span style=\"font-weight: 400;\">Fecha de nacimiento<\/span><\/li>\n<li style=\"font-weight: 400;\" aria-level=\"2\"><span style=\"font-weight: 400;\">Direcci\u00f3n de correo electr\u00f3nico<\/span><\/li>\n<li style=\"font-weight: 400;\" aria-level=\"2\"><span style=\"font-weight: 400;\">Crea un nombre de usuario \u00fanico y una contrase\u00f1a segura<\/span><\/li>\n<\/ul>\n<\/li>\n<li style=\"font-weight: 400;\" aria-level=\"1\"><b>Confirma tu direcci\u00f3n de correo electr\u00f3nico.<\/b><span style=\"font-weight: 400;\"> Despu\u00e9s de llenar el formulario, se enviar\u00e1 un correo de confirmaci\u00f3n a tu direcci\u00f3n de correo electr\u00f3nico. Abre este correo y haz clic en el enlace para activar tu cuenta.<\/span><\/li>\n<li style=\"font-weight: 400;\" aria-level=\"1\"><b>Completa el registro.<\/b><span style=\"font-weight: 400;\"> Una vez que confirmes tu correo electr\u00f3nico, tu cuenta ser\u00e1 activada y podr\u00e1s iniciar sesi\u00f3n utilizando tu nombre de usuario y contrase\u00f1a.<\/span><\/li>\n<\/ol>\n<h3><b>Registro por N\u00famero de Tel\u00e9fono<\/b><\/h3>\n<p><span style=\"font-weight: 400;\">Para aquellos que prefieren utilizar su n\u00famero de tel\u00e9fono para registrarse, el casino Blaze ofrece este m\u00e9todo conveniente:<\/span><\/p>\n<ol>\n<li style=\"font-weight: 400;\" aria-level=\"1\"><b>Ve al sitio web del casino Blaze.<\/b><span style=\"font-weight: 400;\"> Haz clic en el bot\u00f3n \u00abRegistro\u00bb o \u00abSign Up\u00bb.<\/span><\/li>\n<li style=\"font-weight: 400;\" aria-level=\"1\"><b>Elige la opci\u00f3n de registro por n\u00famero de tel\u00e9fono.<\/b><span style=\"font-weight: 400;\"> Introduce tu n\u00famero de tel\u00e9fono en el campo correspondiente.<\/span><\/li>\n<li style=\"font-weight: 400;\" aria-level=\"1\"><b>Confirma tu n\u00famero de tel\u00e9fono.<\/b><span style=\"font-weight: 400;\"> Se enviar\u00e1 un mensaje SMS con un c\u00f3digo de confirmaci\u00f3n a tu tel\u00e9fono. Introduce este c\u00f3digo en el formulario de registro.<\/span><\/li>\n<li style=\"font-weight: 400;\" aria-level=\"1\"><b>Llena los datos adicionales.<\/b><span style=\"font-weight: 400;\"> Introduce otros datos personales, como tu nombre, fecha de nacimiento y crea una contrase\u00f1a.<\/span><\/li>\n<li style=\"font-weight: 400;\" aria-level=\"1\"><b>Completa el registro.<\/b><span style=\"font-weight: 400;\"> Una vez que confirmes tu n\u00famero de tel\u00e9fono y llenes todos los campos, tu cuenta ser\u00e1 activada.<\/span><\/li>\n<\/ol>\n<h3><b>Registro por Redes Sociales<\/b><\/h3>\n<p><span style=\"font-weight: 400;\">El casino Blaze tambi\u00e9n permite registrarse utilizando tus cuentas de redes sociales. Esto es r\u00e1pido y conveniente:<\/span><\/p>\n<ol>\n<li style=\"font-weight: 400;\" aria-level=\"1\"><b>Ve al sitio web del casino Blaze.<\/b><span style=\"font-weight: 400;\"> Haz clic en el bot\u00f3n \u00abRegistro\u00bb o \u00abSign Up\u00bb.<\/span><\/li>\n<li style=\"font-weight: 400;\" aria-level=\"1\"><b>Selecciona una red social.<\/b><span style=\"font-weight: 400;\"> Elige una de las redes sociales ofrecidas para el registro, como Facebook, Google u otras.<\/span><\/li>\n<li style=\"font-weight: 400;\" aria-level=\"1\"><b>Autor\u00edzate a trav\u00e9s de la red social.<\/b><span style=\"font-weight: 400;\"> Inicia sesi\u00f3n en tu cuenta de red social y confirma el permiso para usar tus datos para registrarte en el casino Blaze.<\/span><\/li>\n<li style=\"font-weight: 400;\" aria-level=\"1\"><b>Llena los datos faltantes.<\/b><span style=\"font-weight: 400;\"> Si es necesario, introduce datos personales adicionales, como tu fecha de nacimiento y crea una contrase\u00f1a.<\/span><\/li>\n<li style=\"font-weight: 400;\" aria-level=\"1\"><b>Completa el registro.<\/b><span style=\"font-weight: 400;\"> Tu cuenta ser\u00e1 activada y podr\u00e1s usar tus credenciales de redes sociales para iniciar sesi\u00f3n en el casino Blaze.<\/span><\/li>\n<\/ol>\n<p><span style=\"font-weight: 400;\">Registrarse en el casino en l\u00ednea Blaze es el primer paso hacia juegos emocionantes y grandes ganancias. Elige el m\u00e9todo de registro m\u00e1s conveniente para ti \u2014 por correo electr\u00f3nico, n\u00famero de tel\u00e9fono o redes sociales \u2014 y sigue las sencillas instrucciones paso a paso. Independientemente del m\u00e9todo elegido, el proceso de registro en el casino Blaze es simple, r\u00e1pido y seguro. \u00a1\u00danete a miles de jugadores satisfechos y comienza tu aventura en el mundo de los juegos de azar con el casino Blaze hoy mismo!<\/span><\/p>\n","protected":false},"excerpt":{"rendered":"<p>Registrarse en el casino en l\u00ednea Blaze es un proceso simple y r\u00e1pido que te permite empezar a jugar y disfrutar de todos los beneficios&#8230;<\/p>\n<div class=\"more-link-wrapper\"><a class=\"more-link\" href=\"https:\/\/blaze-cassino.com\/es\/registration-at-blaze-online-casino\/\">Read more<span class=\"screen-reader-text\">Registro en el Casino Online Blaze<\/span><\/a><\/div>\n","protected":false},"author":1,"featured_media":0,"parent":0,"menu_order":0,"comment_status":"closed","ping_status":"closed","template":"templates\/full-width.php","meta":{"footnotes":""},"class_list":["post-16","page","type-page","status-publish","hentry","entry"],"yoast_head":"<!-- This site is optimized with the Yoast SEO plugin v27.2 - https:\/\/yoast.com\/product\/yoast-seo-wordpress\/ -->\n<title>\u0420\u0435\u0433\u0438\u0441\u0442\u0440\u0430\u0446\u0438\u044f \u0432 \u043e\u043d\u043b\u0430\u0439\u043d \u043a\u0430\u0437\u0438\u043d\u043e Blaze<\/title>\n<meta name=\"description\" content=\"Completa el registro en el sitio web oficial del casino Blaze. Iniciar sesi\u00f3n y registro en el sitio web del casino Blaze.\" \/>\n<meta name=\"robots\" content=\"index, follow, max-snippet:-1, max-image-preview:large, max-video-preview:-1\" \/>\n<link rel=\"canonical\" href=\"https:\/\/blaze-cassino.com\/es\/registration-at-blaze-online-casino\/\" \/>\n<meta property=\"og:locale\" content=\"es_ES\" \/>\n<meta property=\"og:locale:alternate\" content=\"ru_RU\" \/>\n<meta property=\"og:locale:alternate\" content=\"en_US\" \/>\n<meta property=\"og:locale:alternate\" content=\"pt_PT\" \/>\n<meta property=\"og:locale:alternate\" content=\"fr_FR\" \/>\n<meta property=\"og:locale:alternate\" content=\"it_IT\" \/>\n<meta property=\"og:type\" content=\"article\" \/>\n<meta property=\"og:title\" content=\"\u0420\u0435\u0433\u0438\u0441\u0442\u0440\u0430\u0446\u0438\u044f \u0432 \u043e\u043d\u043b\u0430\u0439\u043d \u043a\u0430\u0437\u0438\u043d\u043e Blaze\" \/>\n<meta property=\"og:url\" content=\"https:\/\/blaze-cassino.com\/es\/registration-at-blaze-online-casino\/\" \/>\n<meta property=\"og:site_name\" content=\"Blaze Casino\" \/>\n<meta property=\"article:modified_time\" content=\"2024-06-09T22:56:51+00:00\" \/>\n<meta name=\"twitter:card\" content=\"summary_large_image\" \/>\n<meta name=\"twitter:label1\" content=\"Tiempo de lectura\" \/>\n\t<meta name=\"twitter:data1\" content=\"14 minutos\" \/>\n<script type=\"application\/ld+json\" class=\"yoast-schema-graph\">{\"@context\":\"https:\/\/schema.org\",\"@graph\":[{\"@type\":\"WebPage\",\"@id\":\"https:\/\/blaze-cassino.com\/registration-at-blaze-online-casino\/\",\"url\":\"https:\/\/blaze-cassino.com\/registration-at-blaze-online-casino\/\",\"name\":\"\u0420\u0435\u0433\u0438\u0441\u0442\u0440\u0430\u0446\u0438\u044f \u0432 \u043e\u043d\u043b\u0430\u0439\u043d \u043a\u0430\u0437\u0438\u043d\u043e Blaze\",\"isPartOf\":{\"@id\":\"https:\/\/blaze-cassino.com\/#website\"},\"datePublished\":\"2024-06-07T18:18:00+00:00\",\"dateModified\":\"2024-06-09T22:56:51+00:00\",\"description\":\"\u041f\u0440\u043e\u0439\u0442\u0438 \u0440\u0435\u0433\u0438\u0441\u0442\u0440\u0430\u0446\u0438\u044e \u043d\u0430 \u043e\u0444\u0438\u0446\u0438\u0430\u043b\u044c\u043d\u043e\u043c \u0441\u0430\u0439\u0442\u0435 \u043a\u0430\u0437\u0438\u043d\u043e Blaze. \u041b\u043e\u0433\u0438\u043d \u0438 \u0440\u0435\u0433\u0438\u0441\u0442\u0440\u0430\u0446\u0438\u044f \u043d\u0430 \u0441\u0430\u0439\u0442\u0435 \u043a\u0430\u0437\u0438\u043d\u043e Blaze\",\"breadcrumb\":{\"@id\":\"https:\/\/blaze-cassino.com\/registration-at-blaze-online-casino\/#breadcrumb\"},\"inLanguage\":\"es-ES\",\"potentialAction\":[{\"@type\":\"ReadAction\",\"target\":[\"https:\/\/blaze-cassino.com\/registration-at-blaze-online-casino\/\"]}]},{\"@type\":\"BreadcrumbList\",\"@id\":\"https:\/\/blaze-cassino.com\/registration-at-blaze-online-casino\/#breadcrumb\",\"itemListElement\":[{\"@type\":\"ListItem\",\"position\":1,\"name\":\"\u0413\u043b\u0430\u0432\u043d\u0430\u044f \u0441\u0442\u0440\u0430\u043d\u0438\u0446\u0430\",\"item\":\"https:\/\/blaze-cassino.com\/\"},{\"@type\":\"ListItem\",\"position\":2,\"name\":\"\u0420\u0435\u0433\u0438\u0441\u0442\u0440\u0430\u0446\u0438\u044f \u0432 \u043e\u043d\u043b\u0430\u0439\u043d \u043a\u0430\u0437\u0438\u043d\u043e Blaze\"}]},{\"@type\":\"WebSite\",\"@id\":\"https:\/\/blaze-cassino.com\/#website\",\"url\":\"https:\/\/blaze-cassino.com\/\",\"name\":\"Blaze Casino\",\"description\":\"\",\"potentialAction\":[{\"@type\":\"SearchAction\",\"target\":{\"@type\":\"EntryPoint\",\"urlTemplate\":\"https:\/\/blaze-cassino.com\/?s={search_term_string}\"},\"query-input\":{\"@type\":\"PropertyValueSpecification\",\"valueRequired\":true,\"valueName\":\"search_term_string\"}}],\"inLanguage\":\"es-ES\"}]}<\/script>\n<!-- \/ Yoast SEO plugin. -->","yoast_head_json":{"title":"\u0420\u0435\u0433\u0438\u0441\u0442\u0440\u0430\u0446\u0438\u044f \u0432 \u043e\u043d\u043b\u0430\u0439\u043d \u043a\u0430\u0437\u0438\u043d\u043e Blaze","description":"Completa el registro en el sitio web oficial del casino Blaze. Iniciar sesi\u00f3n y registro en el sitio web del casino Blaze.","robots":{"index":"index","follow":"follow","max-snippet":"max-snippet:-1","max-image-preview":"max-image-preview:large","max-video-preview":"max-video-preview:-1"},"canonical":"https:\/\/blaze-cassino.com\/es\/registration-at-blaze-online-casino\/","og_locale":"es_ES","og_type":"article","og_title":"\u0420\u0435\u0433\u0438\u0441\u0442\u0440\u0430\u0446\u0438\u044f \u0432 \u043e\u043d\u043b\u0430\u0439\u043d \u043a\u0430\u0437\u0438\u043d\u043e Blaze","og_url":"https:\/\/blaze-cassino.com\/es\/registration-at-blaze-online-casino\/","og_site_name":"Blaze Casino","article_modified_time":"2024-06-09T22:56:51+00:00","twitter_card":"summary_large_image","twitter_misc":{"Tiempo de lectura":"14 minutos"},"schema":{"@context":"https:\/\/schema.org","@graph":[{"@type":"WebPage","@id":"https:\/\/blaze-cassino.com\/registration-at-blaze-online-casino\/","url":"https:\/\/blaze-cassino.com\/registration-at-blaze-online-casino\/","name":"\u0420\u0435\u0433\u0438\u0441\u0442\u0440\u0430\u0446\u0438\u044f \u0432 \u043e\u043d\u043b\u0430\u0439\u043d \u043a\u0430\u0437\u0438\u043d\u043e Blaze","isPartOf":{"@id":"https:\/\/blaze-cassino.com\/#website"},"datePublished":"2024-06-07T18:18:00+00:00","dateModified":"2024-06-09T22:56:51+00:00","description":"\u041f\u0440\u043e\u0439\u0442\u0438 \u0440\u0435\u0433\u0438\u0441\u0442\u0440\u0430\u0446\u0438\u044e \u043d\u0430 \u043e\u0444\u0438\u0446\u0438\u0430\u043b\u044c\u043d\u043e\u043c \u0441\u0430\u0439\u0442\u0435 \u043a\u0430\u0437\u0438\u043d\u043e Blaze. \u041b\u043e\u0433\u0438\u043d \u0438 \u0440\u0435\u0433\u0438\u0441\u0442\u0440\u0430\u0446\u0438\u044f \u043d\u0430 \u0441\u0430\u0439\u0442\u0435 \u043a\u0430\u0437\u0438\u043d\u043e Blaze","breadcrumb":{"@id":"https:\/\/blaze-cassino.com\/registration-at-blaze-online-casino\/#breadcrumb"},"inLanguage":"es-ES","potentialAction":[{"@type":"ReadAction","target":["https:\/\/blaze-cassino.com\/registration-at-blaze-online-casino\/"]}]},{"@type":"BreadcrumbList","@id":"https:\/\/blaze-cassino.com\/registration-at-blaze-online-casino\/#breadcrumb","itemListElement":[{"@type":"ListItem","position":1,"name":"\u0413\u043b\u0430\u0432\u043d\u0430\u044f \u0441\u0442\u0440\u0430\u043d\u0438\u0446\u0430","item":"https:\/\/blaze-cassino.com\/"},{"@type":"ListItem","position":2,"name":"\u0420\u0435\u0433\u0438\u0441\u0442\u0440\u0430\u0446\u0438\u044f \u0432 \u043e\u043d\u043b\u0430\u0439\u043d \u043a\u0430\u0437\u0438\u043d\u043e Blaze"}]},{"@type":"WebSite","@id":"https:\/\/blaze-cassino.com\/#website","url":"https:\/\/blaze-cassino.com\/","name":"Blaze Casino","description":"","potentialAction":[{"@type":"SearchAction","target":{"@type":"EntryPoint","urlTemplate":"https:\/\/blaze-cassino.com\/?s={search_term_string}"},"query-input":{"@type":"PropertyValueSpecification","valueRequired":true,"valueName":"search_term_string"}}],"inLanguage":"es-ES"}]}},"_links":{"self":[{"href":"https:\/\/blaze-cassino.com\/es\/wp-json\/wp\/v2\/pages\/16","targetHints":{"allow":["GET"]}}],"collection":[{"href":"https:\/\/blaze-cassino.com\/es\/wp-json\/wp\/v2\/pages"}],"about":[{"href":"https:\/\/blaze-cassino.com\/es\/wp-json\/wp\/v2\/types\/page"}],"author":[{"embeddable":true,"href":"https:\/\/blaze-cassino.com\/es\/wp-json\/wp\/v2\/users\/1"}],"replies":[{"embeddable":true,"href":"https:\/\/blaze-cassino.com\/es\/wp-json\/wp\/v2\/comments?post=16"}],"version-history":[{"count":12,"href":"https:\/\/blaze-cassino.com\/es\/wp-json\/wp\/v2\/pages\/16\/revisions"}],"predecessor-version":[{"id":60,"href":"https:\/\/blaze-cassino.com\/es\/wp-json\/wp\/v2\/pages\/16\/revisions\/60"}],"wp:attachment":[{"href":"https:\/\/blaze-cassino.com\/es\/wp-json\/wp\/v2\/media?parent=16"}],"curies":[{"name":"wp","href":"https:\/\/api.w.org\/{rel}","templated":true}]}}