{"id":12,"date":"2024-06-07T21:15:24","date_gmt":"2024-06-07T18:15:24","guid":{"rendered":"https:\/\/blaze-cassino.com\/?page_id=12"},"modified":"2026-04-10T21:12:16","modified_gmt":"2026-04-10T18:12:16","slug":"bonuses-at-blaze-online-casino","status":"publish","type":"page","link":"https:\/\/blaze-cassino.com\/fi\/bonuses-at-blaze-online-casino\/","title":{"rendered":"Bonukset"},"content":{"rendered":"<p><span style=\"font-weight: 400;\">Blaze-nettikasinolla on kehitetty monitasoinen palkitsemisj\u00e4rjestelm\u00e4, joka muuttaa jokaisen pelaajan toiminnon mahdollisuudeksi lis\u00e4tuottoihin. Tarjoamme enemm\u00e4n kuin vain kertaluonteisia kampanjoita; tarjoamme t\u00e4ysimittaisen tukiohjelman rekister\u00f6itymishetkest\u00e4 aina eliittitason VIP-statukseen asti. Tavoitteemme on taata l\u00e4pin\u00e4kyv\u00e4t ehdot ja todellista arvoa jokaiselle bonukselle, jotta jokainen asiakas voi hallita pelikassaansa mahdollisimman tehokkaasti.<\/span><\/p>\n<style>\n    noindex{\n        width: 100%;\n        display: flex;\n        justify-content: center;\n        margin: 1em 0;\n    }\n    body noindex .rating_btn {\n        display: flex;\n        align-items: center;\n        justify-content: center;\n        padding: 12px 16px;\n        border-radius: 14px;\n        border: 1px solid rgb(255 255 255 \/ 12%);\n        background: linear-gradient(180deg, rgba(255, 255, 255, 0.1), rgba(255, 255, 255, 0.03)), #2f7dff;\n        color: white;\n        text-decoration: none;\n        font-weight: 800;\n        letter-spacing: 0.2px;\n        transition: 300ms;\n        box-shadow: 0 12px 26px rgba(47, 125, 255, 0.35);\n        cursor: pointer;\n        font-size: 18px;\n    }\n    .rating_btn:hover {\n        background: linear-gradient(180deg, rgba(255, 255, 255, 0.1), rgba(255, 255, 255, 0.03)), #2060cc;\n    }    \n    noindex br{\n        display: none;\n    }\n<\/style>\n<p><noindex><br \/>\n    <a class=\"rating_btn\" href=\"https:\/\/www.gotoplaynow.link\/c\/531f4d32b72f085e\" rel=\"nofollow\" target=\"_blank\" title=\"Pelaa bonuksella\"><br \/>\n        Pelaa bonuksella<br \/>\n    <\/a><br \/>\n<\/noindex><\/p>\n<h2><b>Tervetuliaispaketti: Tehokas aloitus uusille voitoille<\/b><\/h2>\n<p><span style=\"font-weight: 400;\">Niille, jotka vasta aloittavat matkaansa Blazessa, olemme valmistelleet eksklusiivisen tervetuliaistarjouksen, jonka avulla p\u00e4\u00e4set peliin mukaan vankalla edulla.<\/span><\/p>\n<ol>\n<li style=\"margin-bottom: 15px;\"><b>100 % bonus ensitalletukselle<\/b><span style=\"font-weight: 400;\"> \u2014 Ensimm\u00e4isen talletuksesi yhteydess\u00e4 Blaze-kasino tuplaa saldosi. Bonuksen enimm\u00e4ism\u00e4\u00e4r\u00e4 on 200 \u20ac (tai vastaava summa dollareina). T\u00e4m\u00e4 tarkoittaa, ett\u00e4 200 \u20ac talletuksella tilill\u00e4si on 400 \u20ac pelirahaa.<\/span><\/li>\n<li style=\"margin-bottom: 15px;\"><b>40 ilmaiskierroksen paketti<\/b><span style=\"font-weight: 400;\"> \u2014 Rahabonuksen lis\u00e4ksi uudet pelaajat saavat 40 ilmaiskierrosta. T\u00e4m\u00e4n tarjouksen aktivoimiseksi minimitalletus on vain 10 \u20ac. Huomaathan, ett\u00e4 ilmaiskierrokset ovat saatavilla vain ensimm\u00e4iselle talletukselle.<\/span><\/li>\n<li style=\"margin-bottom: 15px;\"><b>Reilun pelin ehdot (Bonusehdot)<\/b><span style=\"font-weight: 400;\"> \u2014 Noudatamme l\u00e4pin\u00e4kyv\u00e4\u00e4 toimintatapaa: suurin sallittu panos aktiivisella bonussaldolla pelatessa on 5 \u20ac \/ 5 $. T\u00e4m\u00e4 s\u00e4\u00e4nt\u00f6 antaa pelaajille mahdollisuuden nauttia pelaamisesta pidemp\u00e4\u00e4n ja takaa j\u00e4rjestelm\u00e4n vakauden.<\/span><\/li>\n<\/ol>\n<h2><b>Uskollisuusj\u00e4rjestelm\u00e4 ja progressiiviset palkinnot<\/b><\/h2>\n<p><span style=\"font-weight: 400;\">Pelaaminen Blazessa on pelillistetty: jokainen panos vie sinua l\u00e4hemm\u00e4s uutta tasoa ja arvokkaampia palkintoja.<\/span><\/p>\n<ol>\n<li style=\"margin-bottom: 15px;\"><b>Daily Spin: P\u00e4ivitt\u00e4inen annoksesi onnea<\/b><span style=\"font-weight: 400;\"> \u2014 Jokainen aktiivinen k\u00e4ytt\u00e4j\u00e4 saa 24 tunnin v\u00e4lein yhden py\u00f6r\u00e4ytyksen palkintopy\u00f6r\u00e4\u00e4n. Tasostasi riippuen k\u00e4yt\u00f6ss\u00e4si on eri onnenpy\u00f6ri\u00e4: Bronze, Silver, Gold, Platinum tai Diamond. Mit\u00e4 korkeampi statuksesi on, sit\u00e4 arvokkaampia ovat py\u00f6r\u00e4n palkinnot.<\/span><\/li>\n<li style=\"margin-bottom: 15px;\"><b>Level Up Reward: Palkinnot kehityksest\u00e4<\/b><span style=\"font-weight: 400;\"> \u2014 Aina kun nouset uudelle tasolle, j\u00e4rjestelm\u00e4 antaa sinun valita yhden kolmesta mystisest\u00e4 arkusta. Arkusta voi l\u00f6yty\u00e4 bonusrahaa, ilmaiskierroksia tai muita arvokkaita etuja.<\/span><\/li>\n<li style=\"margin-bottom: 15px;\"><b>Double XP: Nopeuta edistymist\u00e4si<\/b><span style=\"font-weight: 400;\"> \u2014 Aktivoimme s\u00e4\u00e4nn\u00f6llisesti &#8221;Double XP&#8221; -kampanjan, jonka avulla pelaajat voivat nostaa profiilinsa tasoa kaksi kertaa nopeammin. T\u00e4m\u00e4 on lyhin reitti eliittietuihin ja Diamond-py\u00f6r\u00e4n pariin.<\/span><\/li>\n<\/ol>\n<style>\n    noindex{\n        width: 100%;\n        display: flex;\n        justify-content: center;\n        margin: 1em 0;\n    }\n    body noindex .rating_btn {\n        display: flex;\n        align-items: center;\n        justify-content: center;\n        padding: 12px 16px;\n        border-radius: 14px;\n        border: 1px solid rgb(255 255 255 \/ 12%);\n        background: linear-gradient(180deg, rgba(255, 255, 255, 0.1), rgba(255, 255, 255, 0.03)), #2f7dff;\n        color: white;\n        text-decoration: none;\n        font-weight: 800;\n        letter-spacing: 0.2px;\n        transition: 300ms;\n        box-shadow: 0 12px 26px rgba(47, 125, 255, 0.35);\n        cursor: pointer;\n        font-size: 18px;\n    }\n    .rating_btn:hover {\n        background: linear-gradient(180deg, rgba(255, 255, 255, 0.1), rgba(255, 255, 255, 0.03)), #2060cc;\n    }    \n    noindex br{\n        display: none;\n    }\n<\/style>\n<p><noindex><br \/>\n    <a class=\"rating_btn\" href=\"https:\/\/www.gotoplaynow.link\/c\/531f4d32b72f085e\" rel=\"nofollow\" target=\"_blank\" title=\"Pelaa bonuksella\"><br \/>\n        Pelaa bonuksella<br \/>\n    <\/a><br \/>\n<\/noindex><\/p>\n<h2><b>Erikoiskampanjat ja suositteluohjelma<\/b><\/h2>\n<p><span style=\"font-weight: 400;\">Arvostamme pelaajiemme uskollisuutta ja sosiaalista aktiivisuutta tarjoamalla ty\u00f6kaluja passiivisen tulon hankkimiseen ja riskien minimointiin.<\/span><\/p>\n<ol>\n<li style=\"margin-bottom: 15px;\"><b>&#8221;Kutsu yst\u00e4v\u00e4&#8221; -ohjelma<\/b><span style=\"font-weight: 400;\"> \u2014 Haluatko ansaita yhdess\u00e4 yst\u00e4viesi kanssa? K\u00e4yt\u00e4 omaa suosittelulinkki\u00e4si &#8221;My Rewards&#8221; -osiossa. Jokaisesta kutsutusta yst\u00e4v\u00e4st\u00e4, joka t\u00e4ytt\u00e4\u00e4 ehdot, saat jopa 5,00 USD palkkion suoraan saldoosi. Kutsujen m\u00e4\u00e4r\u00e4\u00e4 ei ole rajoitettu!<\/span><\/li>\n<li style=\"margin-bottom: 15px;\"><b>Cashback \/ Refund: Toinen mahdollisuus voittoon<\/b><span style=\"font-weight: 400;\"> \u2014 Blazessa on k\u00e4yt\u00f6ss\u00e4 cashback-j\u00e4rjestelm\u00e4, joka palauttaa osan todellisista tappioista. T\u00e4m\u00e4 auttaa v\u00e4hent\u00e4m\u00e4\u00e4n riskej\u00e4 merkitt\u00e4v\u00e4sti ja antaa mahdollisuuden jatkaa peli\u00e4 my\u00f6s ep\u00e4onnisen putken j\u00e4lkeen. Cashback lasketaan reilun kaavan perusteella, joka huomioi peliaktiivisuutesi.<\/span><\/li>\n<li style=\"margin-bottom: 15px;\"><b>Free Spins Original-sarjan peleiss\u00e4<\/b><span style=\"font-weight: 400;\"> \u2014 Saat ilmaiskierroksia legendaarisiin Crash- tai Double-peleihin. N\u00e4iden kierrosten voitot muunnetaan bonuksiksi, ja yhden kierroksen arvo voi vaihdella pienist\u00e4 summista aina huikeaan 5000 euroon asti.<\/span><\/li>\n<\/ol>\n<h2><b>VIP-klubi ja eksklusiiviset fyysiset palkinnot<\/b><\/h2>\n<p><span style=\"font-weight: 400;\">Omistautuneimmille pelaajilleen Blaze tarjoaa palvelutason, joka ulottuu digitaalisen alustan ulkopuolelle.<\/span><\/p>\n<ul>\n<li style=\"margin-bottom: 10px;\"><b>Fyysiset lahjat (Physical Goods)<\/b> \u2014 Olemme valinneet useita arvokkaita tuotteita, joita l\u00e4het\u00e4mme voittajille ja aktiivisille pelaajille suoraan kotiin.<\/li>\n<li style=\"margin-bottom: 10px;\"><b>Henkil\u00f6kohtainen tilinhoitaja<\/b> \u2014 VIP-asiakkaat saavat henkil\u00f6kohtaisen managerin tuen ja prioriteetin kaikkien pyynt\u00f6jen k\u00e4sittelyss\u00e4.<\/li>\n<li style=\"margin-bottom: 10px;\"><b>Suuren palkintopotin turnaukset<\/b> \u2014 S\u00e4\u00e4nn\u00f6lliset kilpailut kolikkopeleiss\u00e4 ja p\u00f6yt\u00e4peleiss\u00e4 antavat sinun kilpailla muiden pelaajien kanssa suurista rahapalkinnoista.<\/li>\n<\/ul>\n<h2><b>N\u00e4in aktivoit ja k\u00e4yt\u00e4t bonukset oikein<\/b><\/h2>\n<p style=\"background: #f9f9f9; padding: 15px; border-left: 4px solid #e84d4d;\"><span style=\"font-weight: 400;\"><strong>T\u00e4rke\u00e4 muistutus:<\/strong> Blazessa on sallittu vain yksi tili henkil\u00f6\u00e4 kohden. Useiden tilien luominen bonusten saamiseksi johtaa kaikkien tilien v\u00e4litt\u00f6m\u00e4\u00e4n sulkemiseen ja voittojen mit\u00e4t\u00f6imiseen. \u00c4l\u00e4 luovuta tietojasi kolmansille osapuolille!<\/span><\/p>\n<ol>\n<li style=\"margin-bottom: 10px;\"><b>Rekister\u00f6ityminen:<\/b> Luo profiili s\u00e4hk\u00f6postilla tai nopealla Google-kirjautumisella.<\/li>\n<li style=\"margin-bottom: 10px;\"><b>Vahvistus:<\/b> Ennen varojen kotiuttamista varmista, ett\u00e4 olet ladannut tarvittavat asiakirjat (henkil\u00f6llisyystodistus ja osoitetodistus) &#8221;Account&#8221;-osioon. Tarkistus kest\u00e4\u00e4 yleens\u00e4 enint\u00e4\u00e4n 48 tuntia.<\/li>\n<li style=\"margin-bottom: 10px;\"><b>Talletus:<\/b> Kun teet talletuksen (v\u00e4hint\u00e4\u00e4n 10 \u20ac bonusta varten), valitse haluamasi tarjous &#8221;Choose your bonus&#8221; -ikkunasta ennen maksun vahvistamista.<\/li>\n<\/ol>\n<p><span style=\"font-weight: 400;\">Blazen bonusohjelma on luotettava ty\u00f6kalusi pelipotentiaalin kasvattamiseen. Piditp\u00e4 sitten perinteisist\u00e4 kolikkopeleist\u00e4, Live-kasinosta tai omista Crash- ja Double-peleist\u00e4mme, tarjolla on aina kampanja, joka tekee panoksestasi kannattavamman. Liity Blazeen, kehit\u00e4 tili\u00e4si ja lunasta online-pelimarkkinoiden parhaat palkinnot!<\/span><\/p>\n<style>\n    noindex{\n        width: 100%;\n        display: flex;\n        justify-content: center;\n        margin: 1em 0;\n    }\n    body noindex .rating_btn {\n        display: flex;\n        align-items: center;\n        justify-content: center;\n        padding: 12px 16px;\n        border-radius: 14px;\n        border: 1px solid rgb(255 255 255 \/ 12%);\n        background: linear-gradient(180deg, rgba(255, 255, 255, 0.1), rgba(255, 255, 255, 0.03)), #2f7dff;\n        color: white;\n        text-decoration: none;\n        font-weight: 800;\n        letter-spacing: 0.2px;\n        transition: 300ms;\n        box-shadow: 0 12px 26px rgba(47, 125, 255, 0.35);\n        cursor: pointer;\n        font-size: 18px;\n    }\n    .rating_btn:hover {\n        background: linear-gradient(180deg, rgba(255, 255, 255, 0.1), rgba(255, 255, 255, 0.03)), #2060cc;\n    }    \n    noindex br{\n        display: none;\n    }\n<\/style>\n<p><noindex><br \/>\n    <a class=\"rating_btn\" href=\"https:\/\/www.gotoplaynow.link\/c\/531f4d32b72f085e\" rel=\"nofollow\" target=\"_blank\" title=\"Pelaa bonuksella\"><br \/>\n        Pelaa bonuksella<br \/>\n    <\/a><br \/>\n<\/noindex><\/p>\n","protected":false},"excerpt":{"rendered":"<p>Blaze-nettikasinolla on kehitetty monitasoinen palkitsemisj\u00e4rjestelm\u00e4, joka muuttaa jokaisen pelaajan toiminnon mahdollisuudeksi lis\u00e4tuottoihin. Tarjoamme enemm\u00e4n kuin vain kertaluonteisia kampanjoita; tarjoamme t\u00e4ysimittaisen tukiohjelman rekister\u00f6itymishetkest\u00e4 aina eliittitason VIP-statukseen&#8230;<\/p>\n<div class=\"more-link-wrapper\"><a class=\"more-link\" href=\"https:\/\/blaze-cassino.com\/fi\/bonuses-at-blaze-online-casino\/\">Read more<span class=\"screen-reader-text\">Bonukset<\/span><\/a><\/div>\n","protected":false},"author":1,"featured_media":0,"parent":0,"menu_order":0,"comment_status":"closed","ping_status":"closed","template":"templates\/full-width.php","meta":{"footnotes":""},"class_list":["post-12","page","type-page","status-publish","hentry","entry"],"yoast_head":"<!-- This site is optimized with the Yoast SEO plugin v27.3 - https:\/\/yoast.com\/product\/yoast-seo-wordpress\/ -->\n<title>Bonukset Blaze-verkkokasinolla<\/title>\n<meta name=\"description\" content=\"Olemme koonneet bonukset Blaze-verkkokasinolla. Ilmaiskierrokset, talletusbonukset, tervetuliaisbonus ja monia muita bonuksia Blaze-verkkokasinolla\" \/>\n<meta name=\"robots\" content=\"index, follow, max-snippet:-1, max-image-preview:large, max-video-preview:-1\" \/>\n<link rel=\"canonical\" href=\"https:\/\/blaze-cassino.com\/fi\/bonuses-at-blaze-online-casino\/\" \/>\n<meta property=\"og:locale\" content=\"fi_FI\" \/>\n<meta property=\"og:locale:alternate\" content=\"ru_RU\" \/>\n<meta property=\"og:locale:alternate\" content=\"en_US\" \/>\n<meta property=\"og:locale:alternate\" content=\"pt_BR\" \/>\n<meta property=\"og:locale:alternate\" content=\"es_ES\" \/>\n<meta property=\"og:locale:alternate\" content=\"fr_FR\" \/>\n<meta property=\"og:locale:alternate\" content=\"it_IT\" \/>\n<meta property=\"og:locale:alternate\" content=\"pl_PL\" \/>\n<meta property=\"og:locale:alternate\" content=\"hi-IN\" \/>\n<meta property=\"og:locale:alternate\" content=\"nb-NO\" \/>\n<meta property=\"og:locale:alternate\" content=\"ja-JP\" \/>\n<meta property=\"og:locale:alternate\" content=\"el-GR\" \/>\n<meta property=\"og:locale:alternate\" content=\"sk-SK\" \/>\n<meta property=\"og:locale:alternate\" content=\"ro-RO\" \/>\n<meta property=\"og:locale:alternate\" content=\"tr-TR\" \/>\n<meta property=\"og:type\" content=\"article\" \/>\n<meta property=\"og:title\" content=\"Bonukset Blaze-verkkokasinolla\" \/>\n<meta property=\"og:url\" content=\"https:\/\/blaze-cassino.com\/fi\/bonuses-at-blaze-online-casino\/\" \/>\n<meta property=\"og:site_name\" content=\"Blaze Casino\" \/>\n<meta property=\"article:modified_time\" content=\"2026-04-10T18:12:16+00:00\" \/>\n<meta name=\"twitter:card\" content=\"summary_large_image\" \/>\n<meta name=\"twitter:label1\" content=\"Arvioitu lukuaika\" \/>\n\t<meta name=\"twitter:data1\" content=\"4 minuuttia\" \/>\n<script type=\"application\/ld+json\" class=\"yoast-schema-graph\">{\"@context\":\"https:\\\/\\\/schema.org\",\"@graph\":[{\"@type\":\"WebPage\",\"@id\":\"https:\\\/\\\/blaze-cassino.com\\\/tr\\\/bonuses-at-blaze-online-casino\\\/\",\"url\":\"https:\\\/\\\/blaze-cassino.com\\\/tr\\\/bonuses-at-blaze-online-casino\\\/\",\"name\":\"Bonukset Blaze-verkkokasinolla\",\"isPartOf\":{\"@id\":\"https:\\\/\\\/blaze-cassino.com\\\/#website\"},\"datePublished\":\"2024-06-07T18:15:24+00:00\",\"dateModified\":\"2026-04-10T18:12:16+00:00\",\"description\":\"Olemme koonneet bonukset Blaze-verkkokasinolla. Ilmaiskierrokset, talletusbonukset, tervetuliaisbonus ja monia muita bonuksia Blaze-verkkokasinolla\",\"breadcrumb\":{\"@id\":\"https:\\\/\\\/blaze-cassino.com\\\/tr\\\/bonuses-at-blaze-online-casino\\\/#breadcrumb\"},\"inLanguage\":\"fi-FI\",\"potentialAction\":[{\"@type\":\"ReadAction\",\"target\":[\"https:\\\/\\\/blaze-cassino.com\\\/tr\\\/bonuses-at-blaze-online-casino\\\/\"]}]},{\"@type\":\"BreadcrumbList\",\"@id\":\"https:\\\/\\\/blaze-cassino.com\\\/tr\\\/bonuses-at-blaze-online-casino\\\/#breadcrumb\",\"itemListElement\":[{\"@type\":\"ListItem\",\"position\":1,\"name\":\"\u0413\u043b\u0430\u0432\u043d\u0430\u044f \u0441\u0442\u0440\u0430\u043d\u0438\u0446\u0430\",\"item\":\"https:\\\/\\\/blaze-cassino.com\\\/tr\\\/\"},{\"@type\":\"ListItem\",\"position\":2,\"name\":\"Bonuslar\"}]},{\"@type\":\"WebSite\",\"@id\":\"https:\\\/\\\/blaze-cassino.com\\\/#website\",\"url\":\"https:\\\/\\\/blaze-cassino.com\\\/\",\"name\":\"Blaze Casino\",\"description\":\"\",\"potentialAction\":[{\"@type\":\"SearchAction\",\"target\":{\"@type\":\"EntryPoint\",\"urlTemplate\":\"https:\\\/\\\/blaze-cassino.com\\\/?s={search_term_string}\"},\"query-input\":{\"@type\":\"PropertyValueSpecification\",\"valueRequired\":true,\"valueName\":\"search_term_string\"}}],\"inLanguage\":\"fi-FI\"}]}<\/script>\n<!-- \/ Yoast SEO plugin. -->","yoast_head_json":{"title":"Bonukset Blaze-verkkokasinolla","description":"Olemme koonneet bonukset Blaze-verkkokasinolla. Ilmaiskierrokset, talletusbonukset, tervetuliaisbonus ja monia muita bonuksia Blaze-verkkokasinolla","robots":{"index":"index","follow":"follow","max-snippet":"max-snippet:-1","max-image-preview":"max-image-preview:large","max-video-preview":"max-video-preview:-1"},"canonical":"https:\/\/blaze-cassino.com\/fi\/bonuses-at-blaze-online-casino\/","og_locale":"fi_FI","og_type":"article","og_title":"[:ru]\u0411\u043e\u043d\u0443\u0441\u044b \u0432 \u043e\u043d\u043b\u0430\u0439\u043d \u043a\u0430\u0437\u0438\u043d\u043e Blaze[:en]Bonuses at Blaze Online Casino[:pt]B\u00f4nus no Cassino Online Blaze[:es]Bonos en el Casino Online Blaze[:fr]Bonus au Casino en Ligne Blaze[:it]Bonus presso il Casin\u00f2 Online Blaze[:pl]Bonusy w kasynie online Blaze[:hi]Blaze \u0911\u0928\u0932\u093e\u0907\u0928 \u0915\u0948\u0938\u0940\u0928\u094b \u092e\u0947\u0902 \u092c\u094b\u0928\u0938[:fi]Bonukset Blaze-verkkokasinolla[:nb]Bonuser i Blaze nettkasino[:ja]Blaze\u30aa\u30f3\u30e9\u30a4\u30f3\u30ab\u30b8\u30ce\u306e\u30dc\u30fc\u30ca\u30b9[:el]\u039c\u03c0\u03cc\u03bd\u03bf\u03c5\u03c2 \u03c3\u03c4\u03bf online \u03ba\u03b1\u03b6\u03af\u03bd\u03bf Blaze[:sk]Bonusy v online kas\u00edne Blaze[:ro]Bonusuri \u00een cazinoul online Blaze[:tr]Blaze online kumarhanesinde bonuslar[:]","og_url":"https:\/\/blaze-cassino.com\/fi\/bonuses-at-blaze-online-casino\/","og_site_name":"Blaze Casino","article_modified_time":"2026-04-10T18:12:16+00:00","twitter_card":"summary_large_image","twitter_misc":{"Arvioitu lukuaika":"4 minuuttia"},"schema":{"@context":"https:\/\/schema.org","@graph":[{"@type":"WebPage","@id":"https:\/\/blaze-cassino.com\/tr\/bonuses-at-blaze-online-casino\/","url":"https:\/\/blaze-cassino.com\/tr\/bonuses-at-blaze-online-casino\/","name":"Bonukset Blaze-verkkokasinolla","isPartOf":{"@id":"https:\/\/blaze-cassino.com\/#website"},"datePublished":"2024-06-07T18:15:24+00:00","dateModified":"2026-04-10T18:12:16+00:00","description":"Olemme koonneet bonukset Blaze-verkkokasinolla. Ilmaiskierrokset, talletusbonukset, tervetuliaisbonus ja monia muita bonuksia Blaze-verkkokasinolla","breadcrumb":{"@id":"https:\/\/blaze-cassino.com\/tr\/bonuses-at-blaze-online-casino\/#breadcrumb"},"inLanguage":"fi-FI","potentialAction":[{"@type":"ReadAction","target":["https:\/\/blaze-cassino.com\/tr\/bonuses-at-blaze-online-casino\/"]}]},{"@type":"BreadcrumbList","@id":"https:\/\/blaze-cassino.com\/tr\/bonuses-at-blaze-online-casino\/#breadcrumb","itemListElement":[{"@type":"ListItem","position":1,"name":"\u0413\u043b\u0430\u0432\u043d\u0430\u044f \u0441\u0442\u0440\u0430\u043d\u0438\u0446\u0430","item":"https:\/\/blaze-cassino.com\/tr\/"},{"@type":"ListItem","position":2,"name":"Bonuslar"}]},{"@type":"WebSite","@id":"https:\/\/blaze-cassino.com\/#website","url":"https:\/\/blaze-cassino.com\/","name":"Blaze Casino","description":"","potentialAction":[{"@type":"SearchAction","target":{"@type":"EntryPoint","urlTemplate":"https:\/\/blaze-cassino.com\/?s={search_term_string}"},"query-input":{"@type":"PropertyValueSpecification","valueRequired":true,"valueName":"search_term_string"}}],"inLanguage":"fi-FI"}]}},"_links":{"self":[{"href":"https:\/\/blaze-cassino.com\/fi\/wp-json\/wp\/v2\/pages\/12","targetHints":{"allow":["GET"]}}],"collection":[{"href":"https:\/\/blaze-cassino.com\/fi\/wp-json\/wp\/v2\/pages"}],"about":[{"href":"https:\/\/blaze-cassino.com\/fi\/wp-json\/wp\/v2\/types\/page"}],"author":[{"embeddable":true,"href":"https:\/\/blaze-cassino.com\/fi\/wp-json\/wp\/v2\/users\/1"}],"replies":[{"embeddable":true,"href":"https:\/\/blaze-cassino.com\/fi\/wp-json\/wp\/v2\/comments?post=12"}],"version-history":[{"count":32,"href":"https:\/\/blaze-cassino.com\/fi\/wp-json\/wp\/v2\/pages\/12\/revisions"}],"predecessor-version":[{"id":140,"href":"https:\/\/blaze-cassino.com\/fi\/wp-json\/wp\/v2\/pages\/12\/revisions\/140"}],"wp:attachment":[{"href":"https:\/\/blaze-cassino.com\/fi\/wp-json\/wp\/v2\/media?parent=12"}],"curies":[{"name":"wp","href":"https:\/\/api.w.org\/{rel}","templated":true}]}}