{"id":16,"date":"2024-06-07T21:18:00","date_gmt":"2024-06-07T18:18:00","guid":{"rendered":"https:\/\/blaze-cassino.com\/?page_id=16"},"modified":"2026-04-10T17:54:29","modified_gmt":"2026-04-10T14:54:29","slug":"registration-at-blaze-online-casino","status":"publish","type":"page","link":"https:\/\/blaze-cassino.com\/fr\/registration-at-blaze-online-casino\/","title":{"rendered":"Inscription"},"content":{"rendered":"<h1>Inscription et v\u00e9rification sur Blaze Casino : guide complet<\/h1>\n<p>La cr\u00e9ation d&rsquo;un compte sur le casino en ligne Blaze est un processus r\u00e9glement\u00e9 qui garantit la s\u00e9curit\u00e9 du joueur et la conformit\u00e9 de la plateforme aux normes internationales. Gr\u00e2ce \u00e0 l&rsquo;int\u00e9gration de services modernes, la proc\u00e9dure ne prend que quelques minutes, ouvrant l&rsquo;acc\u00e8s \u00e0 toutes les fonctionnalit\u00e9s de la plateforme.<\/p>\n<div style=\"background:#fff5f5; border-left:5px solid #e84d4d; padding:15px; margin:20px 0;\">\n<p style=\"margin:0; color:#c0392b; font-weight:bold;\">R\u00e8gle importante du compte :<\/p>\n<p style=\"margin:5px 0 0 0; font-size:14px;\">Un utilisateur ne peut poss\u00e9der qu&rsquo;<strong>un seul compte<\/strong>. La cr\u00e9ation de doublons est interdite \u2014 ces comptes seront identifi\u00e9s et supprim\u00e9s. Les comptes ne sont pas transf\u00e9rables \u00e0 des tiers. Le non-respect de ces r\u00e8gles peut entra\u00eener le blocage des fonds et un bannissement permanent.<\/p>\n<\/div>\n<h2>M\u00e9thodes d&rsquo;inscription sur Blaze<\/h2>\n<style>\n    noindex{\n        width: 100%;\n        display: flex;\n        justify-content: center;\n        margin: 1em 0;\n    }\n    body noindex .rating_btn {\n        display: flex;\n        align-items: center;\n        justify-content: center;\n        padding: 12px 16px;\n        border-radius: 14px;\n        border: 1px solid rgb(255 255 255 \/ 12%);\n        background: linear-gradient(180deg, rgba(255, 255, 255, 0.1), rgba(255, 255, 255, 0.03)), #2f7dff;\n        color: white;\n        text-decoration: none;\n        font-weight: 800;\n        letter-spacing: 0.2px;\n        transition: 300ms;\n        box-shadow: 0 12px 26px rgba(47, 125, 255, 0.35);\n        cursor: pointer;\n        font-size: 18px;\n    }\n    .rating_btn:hover {\n        background: linear-gradient(180deg, rgba(255, 255, 255, 0.1), rgba(255, 255, 255, 0.03)), #2060cc;\n    }    \n    noindex br{\n        display: none;\n    }\n<\/style>\n<p><noindex><br \/>\n    <a class=\"rating_btn\" href=\"https:\/\/www.gotoplaynow.link\/c\/531f4d32b72f085e\" rel=\"nofollow\" target=\"_blank\" title=\"Jouer avec un bonus\"><br \/>\n        Jouer avec un bonus<br \/>\n    <\/a><br \/>\n<\/noindex><\/p>\n<p>La plateforme propose deux m\u00e9thodes principales pour cr\u00e9er un profil. Dans les deux cas, apr\u00e8s la premi\u00e8re connexion, le joueur doit fournir des informations personnelles pour respecter la politique de s\u00e9curit\u00e9.<\/p>\n<ul style=\"list-style:none;padding:0;margin:0;\">\n<li style=\"padding:16px 0;border-bottom:1px solid #f0f0f0;display:flex;gap:12px;align-items:flex-start;\">\n    <span style=\"color:#e84d4d;font-size:18px;line-height:1.4;\">&#10144;<\/span><br \/>\n    <span><strong>Inscription classique (E-mail) :<\/strong> Saisissez votre adresse e-mail, cr\u00e9ez un mot de passe s\u00e9curis\u00e9 et indiquez obligatoirement votre date de naissance. Ensuite, confirmez votre e-mail via le message envoy\u00e9 par la plateforme.<\/span>\n  <\/li>\n<li style=\"padding:16px 0;border-bottom:1px solid #f0f0f0;display:flex;gap:12px;align-items:flex-start;\">\n    <span style=\"color:#e84d4d;font-size:18px;line-height:1.4;\">&#10144;<\/span><br \/>\n    <span><strong>Connexion rapide via Google :<\/strong> Permet de s&rsquo;authentifier instantan\u00e9ment. Attention : imm\u00e9diatement apr\u00e8s la connexion, vous devrez vous rendre dans les param\u00e8tres du profil et renseigner toutes vos donn\u00e9es personnelles pour une utilisation compl\u00e8te du compte.<\/span>\n  <\/li>\n<\/ul>\n<h3>M\u00e9thodes d&rsquo;authentification disponibles<\/h3>\n<p>Apr\u00e8s avoir activ\u00e9 votre compte, vous pouvez utiliser pour vous connecter non seulement votre e-mail, mais aussi vos profils sur les services populaires :<\/p>\n<div style=\"display:grid;grid-template-columns:repeat(auto-fill,minmax(200px,1fr));gap:10px;margin:16px 0;\">\n<div style=\"border:1px solid #e8e8e8;border-radius:10px;padding:12px;font-weight:600;display:flex;align-items:center;gap:10px;\">&#9993; E-mail \/ Mot de passe<\/div>\n<div style=\"border:1px solid #e8e8e8;border-radius:10px;padding:12px;font-weight:600;display:flex;align-items:center;gap:10px;\">G Google \/ Gmail<\/div>\n<div style=\"border:1px solid #e8e8e8;border-radius:10px;padding:12px;font-weight:600;display:flex;align-items:center;gap:10px;\">&#9679; Compte Steam<\/div>\n<div style=\"border:1px solid #e8e8e8;border-radius:10px;padding:12px;font-weight:600;display:flex;align-items:center;gap:10px;\">&#9654; Compte Twitch<\/div>\n<\/div>\n<h2>V\u00e9rification du compte<\/h2>\n<p>Pour se conformer \u00e0 la l\u00e9gislation, Blaze demande de confirmer votre identit\u00e9. Pour ce faire, rendez-vous dans la section <strong>\u00ab Compte \u00bb<\/strong> (\u00e0 c\u00f4t\u00e9 du bouton D\u00e9p\u00f4t), s\u00e9lectionnez <strong>\u00ab Documents \u00bb<\/strong> et t\u00e9l\u00e9chargez les fichiers n\u00e9cessaires.<\/p>\n<table style=\"width:100%;border-collapse:collapse;margin:16px 0;font-size:14px;\">\n<thead>\n<tr style=\"background:#fff5f5;\">\n<th style=\"padding:11px 14px;text-align:left;border-bottom:2px solid #e84d4d;color:#c0392b;\">Type de document<\/th>\n<th style=\"padding:11px 14px;text-align:left;border-bottom:2px solid #e84d4d;color:#c0392b;\">Documents accept\u00e9s<\/th>\n<th style=\"padding:11px 14px;text-align:left;border-bottom:2px solid #e84d4d;color:#c0392b;\">Conditions<\/th>\n<\/tr>\n<\/thead>\n<tbody>\n<tr style=\"border-bottom:1px solid #f0f0f0;\">\n<td style=\"padding:11px 14px;\"><strong>Pi\u00e8ce d&rsquo;identit\u00e9<\/strong><\/td>\n<td style=\"padding:11px 14px;\">Passeport, permis de conduire, carte nationale d&rsquo;identit\u00e9.<\/td>\n<td style=\"padding:11px 14px;\">Document officiel en cours de validit\u00e9 avec photo.<\/td>\n<\/tr>\n<tr style=\"background:#fafafa;border-bottom:1px solid #f0f0f0;\">\n<td style=\"padding:11px 14px;\"><strong>Justificatif de domicile<\/strong><\/td>\n<td style=\"padding:11px 14px;\">Factures de services publics, relev\u00e9 bancaire, courrier d&rsquo;un organisme officiel.<\/td>\n<td style=\"padding:11px 14px;\">\u00c9mis il y a moins de 3 mois ; le nom doit \u00eatre clairement visible.<\/td>\n<\/tr>\n<\/tbody>\n<\/table>\n<p><em>Le processus de v\u00e9rification prend jusqu&rsquo;\u00e0 <strong>48 heures<\/strong> apr\u00e8s le t\u00e9l\u00e9chargement de tous les documents requis.<\/em><\/p>\n<h2>Effectuer un d\u00e9p\u00f4t<\/h2>\n<p>Toutes les m\u00e9thodes de recharge sur Blaze sont effectu\u00e9es sans commission de la part du casino. Voici les limites actuelles :<\/p>\n<table style=\"width:100%;border-collapse:collapse;margin:16px 0;font-size:13px;\">\n<thead>\n<tr style=\"background:#f0f4ff;\">\n<th style=\"padding:11px 14px;text-align:left;border-bottom:2px solid #2f7dff;\">M\u00e9thode de paiement<\/th>\n<th style=\"padding:11px 14px;text-align:left;border-bottom:2px solid #2f7dff;\">Commission<\/th>\n<th style=\"padding:11px 14px;text-align:left;border-bottom:2px solid #2f7dff;\">Limites par transaction<\/th>\n<\/tr>\n<\/thead>\n<tbody>\n<tr style=\"border-bottom:1px solid #f0f0f0;\">\n<td style=\"padding:11px 14px;\"><strong>Bitcoin<\/strong><\/td>\n<td style=\"padding:11px 14px;\">0%<\/td>\n<td style=\"padding:11px 14px;\">min mBTC 0 \/ max mBTC 10000<\/td>\n<\/tr>\n<tr style=\"background:#fafafa;border-bottom:1px solid #f0f0f0;\">\n<td style=\"padding:11px 14px;\"><strong>Visa \/ MasterCard<\/strong><\/td>\n<td style=\"padding:11px 14px;\">0%<\/td>\n<td style=\"padding:11px 14px;\">min $10 \/ max $5000<\/td>\n<\/tr>\n<tr style=\"border-bottom:1px solid #f0f0f0;\">\n<td style=\"padding:11px 14px;\"><strong>MuchBetter<\/strong><\/td>\n<td style=\"padding:11px 14px;\">0%<\/td>\n<td style=\"padding:11px 14px;\">min $0 \/ max $10000<\/td>\n<\/tr>\n<tr style=\"background:#fafafa;border-bottom:1px solid #f0f0f0;\">\n<td style=\"padding:11px 14px;\"><strong>Interac\u00ae (Online\/e-Transfer)<\/strong><\/td>\n<td style=\"padding:11px 14px;\">0%<\/td>\n<td style=\"padding:11px 14px;\">min $5 \/ max $2500<\/td>\n<\/tr>\n<tr style=\"border-bottom:1px solid #f0f0f0;\">\n<td style=\"padding:11px 14px;\"><strong>ecoPayz<\/strong><\/td>\n<td style=\"padding:11px 14px;\">0%<\/td>\n<td style=\"padding:11px 14px;\">min $5 \/ max $9999<\/td>\n<\/tr>\n<\/tbody>\n<\/table>\n<h2>Retirer ses gains<\/h2>\n<p>Pour le retrait des fonds, des m\u00e9thodes \u00e9prouv\u00e9es avec une vitesse de traitement \u00e9lev\u00e9e sont disponibles :<\/p>\n<table style=\"width:100%;border-collapse:collapse;margin:16px 0;font-size:13px;\">\n<thead>\n<tr style=\"background:#f0fff4;\">\n<th style=\"padding:11px 14px;text-align:left;border-bottom:2px solid #1a8a3a;\">M\u00e9thode de retrait<\/th>\n<th style=\"padding:11px 14px;text-align:left;border-bottom:2px solid #1a8a3a;\">Commission<\/th>\n<th style=\"padding:11px 14px;text-align:left;border-bottom:2px solid #1a8a3a;\">Limites par transaction<\/th>\n<\/tr>\n<\/thead>\n<tbody>\n<tr style=\"border-bottom:1px solid #f0f0f0;\">\n<td style=\"padding:11px 14px;\"><strong>Bitcoin<\/strong><\/td>\n<td style=\"padding:11px 14px;\">Sans commission<\/td>\n<td style=\"padding:11px 14px;\">min mBTC 0 \/ max mBTC 10000<\/td>\n<\/tr>\n<tr style=\"background:#fafafa;border-bottom:1px solid #f0f0f0;\">\n<td style=\"padding:11px 14px;\"><strong>Interac\u00ae e-Transfer<\/strong><\/td>\n<td style=\"padding:11px 14px;\">Sans commission<\/td>\n<td style=\"padding:11px 14px;\">min $0 \/ max $10000<\/td>\n<\/tr>\n<tr style=\"border-bottom:1px solid #f0f0f0;\">\n<td style=\"padding:11px 14px;\"><strong>ecoPayz<\/strong><\/td>\n<td style=\"padding:11px 14px;\">Sans commission<\/td>\n<td style=\"padding:11px 14px;\">min $0 \/ max $10000<\/td>\n<\/tr>\n<\/tbody>\n<\/table>\n<p style=\"font-size:12px; color:#666;\">*Attention : avant de retirer des fonds, toutes les exigences de v\u00e9rification de documents actives doivent \u00eatre remplies.<\/p>\n<style>\n    noindex{\n        width: 100%;\n        display: flex;\n        justify-content: center;\n        margin: 1em 0;\n    }\n    body noindex .rating_btn {\n        display: flex;\n        align-items: center;\n        justify-content: center;\n        padding: 12px 16px;\n        border-radius: 14px;\n        border: 1px solid rgb(255 255 255 \/ 12%);\n        background: linear-gradient(180deg, rgba(255, 255, 255, 0.1), rgba(255, 255, 255, 0.03)), #2f7dff;\n        color: white;\n        text-decoration: none;\n        font-weight: 800;\n        letter-spacing: 0.2px;\n        transition: 300ms;\n        box-shadow: 0 12px 26px rgba(47, 125, 255, 0.35);\n        cursor: pointer;\n        font-size: 18px;\n    }\n    .rating_btn:hover {\n        background: linear-gradient(180deg, rgba(255, 255, 255, 0.1), rgba(255, 255, 255, 0.03)), #2060cc;\n    }    \n    noindex br{\n        display: none;\n    }\n<\/style>\n<p><noindex><br \/>\n    <a class=\"rating_btn\" href=\"https:\/\/www.gotoplaynow.link\/c\/531f4d32b72f085e\" rel=\"nofollow\" target=\"_blank\" title=\"Jouer avec un bonus\"><br \/>\n        Jouer avec un bonus<br \/>\n    <\/a><br \/>\n<\/noindex><\/p>\n","protected":false},"excerpt":{"rendered":"<p>Inscription et v\u00e9rification sur Blaze Casino : guide complet La cr\u00e9ation d&rsquo;un compte sur le casino en ligne Blaze est un processus r\u00e9glement\u00e9 qui garantit&#8230;<\/p>\n<div class=\"more-link-wrapper\"><a class=\"more-link\" href=\"https:\/\/blaze-cassino.com\/fr\/registration-at-blaze-online-casino\/\">Read more<span class=\"screen-reader-text\">Inscription<\/span><\/a><\/div>\n","protected":false},"author":1,"featured_media":0,"parent":0,"menu_order":0,"comment_status":"closed","ping_status":"closed","template":"templates\/full-width.php","meta":{"footnotes":""},"class_list":["post-16","page","type-page","status-publish","hentry","entry"],"yoast_head":"<!-- This site is optimized with the Yoast SEO plugin v27.3 - https:\/\/yoast.com\/product\/yoast-seo-wordpress\/ -->\n<title>Inscription Blaze<\/title>\n<meta name=\"description\" content=\"Compl\u00e9tez l&#039;inscription sur le site officiel du casino Blaze. Connexion et inscription sur le site du casino Blaze\" \/>\n<meta name=\"robots\" content=\"index, follow, max-snippet:-1, max-image-preview:large, max-video-preview:-1\" \/>\n<link rel=\"canonical\" href=\"https:\/\/blaze-cassino.com\/fr\/registration-at-blaze-online-casino\/\" \/>\n<meta property=\"og:locale\" content=\"fr_FR\" \/>\n<meta property=\"og:locale:alternate\" content=\"ru_RU\" \/>\n<meta property=\"og:locale:alternate\" content=\"en_US\" \/>\n<meta property=\"og:locale:alternate\" content=\"pt_BR\" \/>\n<meta property=\"og:locale:alternate\" content=\"es_ES\" \/>\n<meta property=\"og:locale:alternate\" content=\"it_IT\" \/>\n<meta property=\"og:locale:alternate\" content=\"pl_PL\" \/>\n<meta property=\"og:locale:alternate\" content=\"hi-IN\" \/>\n<meta property=\"og:locale:alternate\" content=\"fi-FI\" \/>\n<meta property=\"og:locale:alternate\" content=\"nb-NO\" \/>\n<meta property=\"og:locale:alternate\" content=\"ja-JP\" \/>\n<meta property=\"og:locale:alternate\" content=\"el-GR\" \/>\n<meta property=\"og:locale:alternate\" content=\"sk-SK\" \/>\n<meta property=\"og:locale:alternate\" content=\"ro-RO\" \/>\n<meta property=\"og:locale:alternate\" content=\"tr-TR\" \/>\n<meta property=\"og:type\" content=\"article\" \/>\n<meta property=\"og:title\" content=\"Inscription Blaze\" \/>\n<meta property=\"og:url\" content=\"https:\/\/blaze-cassino.com\/fr\/registration-at-blaze-online-casino\/\" \/>\n<meta property=\"og:site_name\" content=\"Blaze Casino\" \/>\n<meta property=\"article:modified_time\" content=\"2026-04-10T14:54:29+00:00\" \/>\n<meta name=\"twitter:card\" content=\"summary_large_image\" \/>\n<meta name=\"twitter:label1\" content=\"Dur\u00e9e de lecture estim\u00e9e\" \/>\n\t<meta name=\"twitter:data1\" content=\"3 minutes\" \/>\n<script type=\"application\/ld+json\" class=\"yoast-schema-graph\">{\"@context\":\"https:\\\/\\\/schema.org\",\"@graph\":[{\"@type\":\"WebPage\",\"@id\":\"https:\\\/\\\/blaze-cassino.com\\\/registration-at-blaze-online-casino\\\/\",\"url\":\"https:\\\/\\\/blaze-cassino.com\\\/registration-at-blaze-online-casino\\\/\",\"name\":\"Inscription Blaze\",\"isPartOf\":{\"@id\":\"https:\\\/\\\/blaze-cassino.com\\\/#website\"},\"datePublished\":\"2024-06-07T18:18:00+00:00\",\"dateModified\":\"2026-04-10T14:54:29+00:00\",\"description\":\"Compl\u00e9tez l'inscription sur le site officiel du casino Blaze. Connexion et inscription sur le site du casino Blaze\",\"breadcrumb\":{\"@id\":\"https:\\\/\\\/blaze-cassino.com\\\/registration-at-blaze-online-casino\\\/#breadcrumb\"},\"inLanguage\":\"fr-FR\",\"potentialAction\":[{\"@type\":\"ReadAction\",\"target\":[\"https:\\\/\\\/blaze-cassino.com\\\/registration-at-blaze-online-casino\\\/\"]}]},{\"@type\":\"BreadcrumbList\",\"@id\":\"https:\\\/\\\/blaze-cassino.com\\\/registration-at-blaze-online-casino\\\/#breadcrumb\",\"itemListElement\":[{\"@type\":\"ListItem\",\"position\":1,\"name\":\"\u0413\u043b\u0430\u0432\u043d\u0430\u044f \u0441\u0442\u0440\u0430\u043d\u0438\u0446\u0430\",\"item\":\"https:\\\/\\\/blaze-cassino.com\\\/tr\\\/\"},{\"@type\":\"ListItem\",\"position\":2,\"name\":\"\u0420\u0435\u0433\u0438\u0441\u0442\u0440\u0430\u0446\u0438\u044f\"}]},{\"@type\":\"WebSite\",\"@id\":\"https:\\\/\\\/blaze-cassino.com\\\/#website\",\"url\":\"https:\\\/\\\/blaze-cassino.com\\\/\",\"name\":\"Blaze Casino\",\"description\":\"\",\"potentialAction\":[{\"@type\":\"SearchAction\",\"target\":{\"@type\":\"EntryPoint\",\"urlTemplate\":\"https:\\\/\\\/blaze-cassino.com\\\/?s={search_term_string}\"},\"query-input\":{\"@type\":\"PropertyValueSpecification\",\"valueRequired\":true,\"valueName\":\"search_term_string\"}}],\"inLanguage\":\"fr-FR\"}]}<\/script>\n<!-- \/ Yoast SEO plugin. -->","yoast_head_json":{"title":"Inscription Blaze","description":"Compl\u00e9tez l'inscription sur le site officiel du casino Blaze. Connexion et inscription sur le site du casino Blaze","robots":{"index":"index","follow":"follow","max-snippet":"max-snippet:-1","max-image-preview":"max-image-preview:large","max-video-preview":"max-video-preview:-1"},"canonical":"https:\/\/blaze-cassino.com\/fr\/registration-at-blaze-online-casino\/","og_locale":"fr_FR","og_type":"article","og_title":"[:ru]\u0420\u0435\u0433\u0438\u0441\u0442\u0440\u0430\u0446\u0438\u044f \u0432 \u043e\u043d\u043b\u0430\u0439\u043d \u043a\u0430\u0437\u0438\u043d\u043e Blaze[:en]Registration at Blaze online casino[:pt]Registro no cassino online Blaze[:es]Registro en el casino en l\u00ednea Blaze[:fr]Inscription Blaze[:it]Registrazione al casin\u00f2 online Blaze[:pl]Rejestracja w kasynie online Blaze[:hi]Blaze \u0911\u0928\u0932\u093e\u0907\u0928 \u0915\u0948\u0938\u0940\u0928\u094b \u092e\u0947\u0902 \u092a\u0902\u091c\u0940\u0915\u0930\u0923[:fi]Rekister\u00f6ityminen Blaze-verkkokasinolle[:nb]Registrering p\u00e5 Blaze nettkasino[:ja]Blaze\u30aa\u30f3\u30e9\u30a4\u30f3\u30ab\u30b8\u30ce\u3078\u306e\u767b\u9332[:el]\u0395\u03b3\u03b3\u03c1\u03b1\u03c6\u03ae \u03c3\u03c4\u03bf online \u03ba\u03b1\u03b6\u03af\u03bd\u03bf Blaze[:sk]Registr\u00e1cia v online kas\u00edne Blaze[:ro]\u00cenregistrare la cazinoul online Blaze[:tr]Blaze online kumarhanesinde kay\u0131t[:]","og_url":"https:\/\/blaze-cassino.com\/fr\/registration-at-blaze-online-casino\/","og_site_name":"Blaze Casino","article_modified_time":"2026-04-10T14:54:29+00:00","twitter_card":"summary_large_image","twitter_misc":{"Dur\u00e9e de lecture estim\u00e9e":"3 minutes"},"schema":{"@context":"https:\/\/schema.org","@graph":[{"@type":"WebPage","@id":"https:\/\/blaze-cassino.com\/registration-at-blaze-online-casino\/","url":"https:\/\/blaze-cassino.com\/registration-at-blaze-online-casino\/","name":"Inscription Blaze","isPartOf":{"@id":"https:\/\/blaze-cassino.com\/#website"},"datePublished":"2024-06-07T18:18:00+00:00","dateModified":"2026-04-10T14:54:29+00:00","description":"Compl\u00e9tez l'inscription sur le site officiel du casino Blaze. Connexion et inscription sur le site du casino Blaze","breadcrumb":{"@id":"https:\/\/blaze-cassino.com\/registration-at-blaze-online-casino\/#breadcrumb"},"inLanguage":"fr-FR","potentialAction":[{"@type":"ReadAction","target":["https:\/\/blaze-cassino.com\/registration-at-blaze-online-casino\/"]}]},{"@type":"BreadcrumbList","@id":"https:\/\/blaze-cassino.com\/registration-at-blaze-online-casino\/#breadcrumb","itemListElement":[{"@type":"ListItem","position":1,"name":"\u0413\u043b\u0430\u0432\u043d\u0430\u044f \u0441\u0442\u0440\u0430\u043d\u0438\u0446\u0430","item":"https:\/\/blaze-cassino.com\/tr\/"},{"@type":"ListItem","position":2,"name":"\u0420\u0435\u0433\u0438\u0441\u0442\u0440\u0430\u0446\u0438\u044f"}]},{"@type":"WebSite","@id":"https:\/\/blaze-cassino.com\/#website","url":"https:\/\/blaze-cassino.com\/","name":"Blaze Casino","description":"","potentialAction":[{"@type":"SearchAction","target":{"@type":"EntryPoint","urlTemplate":"https:\/\/blaze-cassino.com\/?s={search_term_string}"},"query-input":{"@type":"PropertyValueSpecification","valueRequired":true,"valueName":"search_term_string"}}],"inLanguage":"fr-FR"}]}},"_links":{"self":[{"href":"https:\/\/blaze-cassino.com\/fr\/wp-json\/wp\/v2\/pages\/16","targetHints":{"allow":["GET"]}}],"collection":[{"href":"https:\/\/blaze-cassino.com\/fr\/wp-json\/wp\/v2\/pages"}],"about":[{"href":"https:\/\/blaze-cassino.com\/fr\/wp-json\/wp\/v2\/types\/page"}],"author":[{"embeddable":true,"href":"https:\/\/blaze-cassino.com\/fr\/wp-json\/wp\/v2\/users\/1"}],"replies":[{"embeddable":true,"href":"https:\/\/blaze-cassino.com\/fr\/wp-json\/wp\/v2\/comments?post=16"}],"version-history":[{"count":30,"href":"https:\/\/blaze-cassino.com\/fr\/wp-json\/wp\/v2\/pages\/16\/revisions"}],"predecessor-version":[{"id":119,"href":"https:\/\/blaze-cassino.com\/fr\/wp-json\/wp\/v2\/pages\/16\/revisions\/119"}],"wp:attachment":[{"href":"https:\/\/blaze-cassino.com\/fr\/wp-json\/wp\/v2\/media?parent=16"}],"curies":[{"name":"wp","href":"https:\/\/api.w.org\/{rel}","templated":true}]}}