{"id":16,"date":"2024-06-07T21:18:00","date_gmt":"2024-06-07T18:18:00","guid":{"rendered":"https:\/\/blaze-cassino.com\/?page_id=16"},"modified":"2026-04-10T17:54:29","modified_gmt":"2026-04-10T14:54:29","slug":"registration-at-blaze-online-casino","status":"publish","type":"page","link":"https:\/\/blaze-cassino.com\/ja\/registration-at-blaze-online-casino\/","title":{"rendered":"\u767b\u9332"},"content":{"rendered":"<h1>Blaze \u30ab\u30b8\u30ce\u306e\u767b\u9332\u3068\u672c\u4eba\u78ba\u8a8d\uff1a\u5b8c\u5168\u30ac\u30a4\u30c9<\/h1>\n<p>Blaze \u30aa\u30f3\u30e9\u30a4\u30f3\u30ab\u30b8\u30ce\u3067\u306e\u30a2\u30ab\u30a6\u30f3\u30c8\u4f5c\u6210\u306f\u3001\u30d7\u30ec\u30a4\u30e4\u30fc\u306e\u5b89\u5168\u3068\u56fd\u969b\u57fa\u6e96\u3078\u306e\u6e96\u62e0\u3092\u4fdd\u8a3c\u3059\u308b\u305f\u3081\u306b\u898f\u5236\u3055\u308c\u305f\u30d7\u30ed\u30bb\u30b9\u3067\u3059\u3002\u6700\u65b0\u30b5\u30fc\u30d3\u30b9\u3068\u306e\u9023\u643a\u306b\u3088\u308a\u3001\u624b\u7d9a\u304d\u306f\u77ed\u6642\u9593\u3067\u5b8c\u4e86\u3057\u3001\u30d7\u30e9\u30c3\u30c8\u30d5\u30a9\u30fc\u30e0\u306e\u3059\u3079\u3066\u306e\u6a5f\u80fd\u3092\u5229\u7528\u3067\u304d\u308b\u3088\u3046\u306b\u306a\u308a\u307e\u3059\u3002<\/p>\n<div style=\"background:#fff5f5; border-left:5px solid #e84d4d; padding:15px; margin:20px 0;\">\n<p style=\"margin:0; color:#c0392b; font-weight:bold;\">\u30a2\u30ab\u30a6\u30f3\u30c8\u306b\u95a2\u3059\u308b\u91cd\u8981\u306a\u30eb\u30fc\u30eb\uff1a<\/p>\n<p style=\"margin:5px 0 0 0; font-size:14px;\">1\u4eba\u306e\u30e6\u30fc\u30b6\u30fc\u304c\u4fdd\u6301\u3067\u304d\u308b\u306e\u306f <strong>1\u3064\u306e\u30a2\u30ab\u30a6\u30f3\u30c8<\/strong> \u306e\u307f\u3067\u3059\u3002\u91cd\u8907\u4f5c\u6210\u306f\u7981\u6b62\u3055\u308c\u3066\u304a\u308a\u3001\u7279\u5b9a\u3055\u308c\u305f\u5834\u5408\u306f\u524a\u9664\u3055\u308c\u307e\u3059\u3002\u30a2\u30ab\u30a6\u30f3\u30c8\u3092\u7b2c\u4e09\u8005\u306b\u8b72\u6e21\u3059\u308b\u3053\u3068\u306f\u3067\u304d\u307e\u305b\u3093\u3002\u3053\u308c\u3089\u306e\u30eb\u30fc\u30eb\u306b\u9055\u53cd\u3057\u305f\u5834\u5408\u3001\u8cc7\u91d1\u306e\u51cd\u7d50\u3084\u6c38\u4e45\u8ffd\u653e\u306b\u3064\u306a\u304c\u308b\u53ef\u80fd\u6027\u304c\u3042\u308a\u307e\u3059\u3002<\/p>\n<\/div>\n<h2>Blaze \u306e\u767b\u9332\u65b9\u6cd5<\/h2>\n<style>\n    noindex{\n        width: 100%;\n        display: flex;\n        justify-content: center;\n        margin: 1em 0;\n    }\n    body noindex .rating_btn {\n        display: flex;\n        align-items: center;\n        justify-content: center;\n        padding: 12px 16px;\n        border-radius: 14px;\n        border: 1px solid rgb(255 255 255 \/ 12%);\n        background: linear-gradient(180deg, rgba(255, 255, 255, 0.1), rgba(255, 255, 255, 0.03)), #2f7dff;\n        color: white;\n        text-decoration: none;\n        font-weight: 800;\n        letter-spacing: 0.2px;\n        transition: 300ms;\n        box-shadow: 0 12px 26px rgba(47, 125, 255, 0.35);\n        cursor: pointer;\n        font-size: 18px;\n    }\n    .rating_btn:hover {\n        background: linear-gradient(180deg, rgba(255, 255, 255, 0.1), rgba(255, 255, 255, 0.03)), #2060cc;\n    }    \n    noindex br{\n        display: none;\n    }\n<\/style>\n<p><noindex><br \/>\n    <a class=\"rating_btn\" href=\"https:\/\/www.gotoplaynow.link\/c\/531f4d32b72f085e\" rel=\"nofollow\" target=\"_blank\" title=\"\u30dc\u30fc\u30ca\u30b9\u3092\u3082\u3089\u3063\u3066\u30d7\u30ec\u30a4\"><br \/>\n        \u30dc\u30fc\u30ca\u30b9\u3092\u3082\u3089\u3063\u3066\u30d7\u30ec\u30a4<br \/>\n    <\/a><br \/>\n<\/noindex><\/p>\n<p>\u5f53\u30d7\u30e9\u30c3\u30c8\u30d5\u30a9\u30fc\u30e0\u3067\u306f\u3001\u4e3b\u306b2\u3064\u306e\u30d7\u30ed\u30d5\u30a3\u30fc\u30eb\u4f5c\u6210\u65b9\u6cd5\u3092\u7528\u610f\u3057\u3066\u3044\u307e\u3059\u3002\u3069\u3061\u3089\u306e\u5834\u5408\u3082\u3001\u30bb\u30ad\u30e5\u30ea\u30c6\u30a3\u30dd\u30ea\u30b7\u30fc\u3092\u9075\u5b88\u3059\u308b\u305f\u3081\u3001\u521d\u56de\u30ed\u30b0\u30a4\u30f3\u5f8c\u306b\u500b\u4eba\u60c5\u5831\u3092\u5165\u529b\u3059\u308b\u5fc5\u8981\u304c\u3042\u308a\u307e\u3059\u3002<\/p>\n<ul style=\"list-style:none;padding:0;margin:0;\">\n<li style=\"padding:16px 0;border-bottom:1px solid #f0f0f0;display:flex;gap:12px;align-items:flex-start;\">\n    <span style=\"color:#e84d4d;font-size:18px;line-height:1.4;\">&#10144;<\/span><br \/>\n    <span><strong>\u901a\u5e38\u306e\u767b\u9332\uff08\u30e1\u30fc\u30eb\u30a2\u30c9\u30ec\u30b9\uff09\uff1a<\/strong> \u30e1\u30fc\u30eb\u30a2\u30c9\u30ec\u30b9\u3092\u5165\u529b\u3057\u3001\u5f37\u529b\u306a\u30d1\u30b9\u30ef\u30fc\u30c9\u3092\u8a2d\u5b9a\u3057\u3066\u3001\u751f\u5e74\u6708\u65e5\u3092\u5fc5\u305a\u5165\u529b\u3057\u3066\u304f\u3060\u3055\u3044\u3002\u305d\u306e\u5f8c\u3001\u30d7\u30e9\u30c3\u30c8\u30d5\u30a9\u30fc\u30e0\u304b\u3089\u5c4a\u304f\u30e1\u30fc\u30eb\u3067\u627f\u8a8d\u3092\u884c\u3063\u3066\u304f\u3060\u3055\u3044\u3002<\/span>\n  <\/li>\n<li style=\"padding:16px 0;border-bottom:1px solid #f0f0f0;display:flex;gap:12px;align-items:flex-start;\">\n    <span style=\"color:#e84d4d;font-size:18px;line-height:1.4;\">&#10144;<\/span><br \/>\n    <span><strong>Google \u306b\u3088\u308b\u30af\u30a4\u30c3\u30af\u30ed\u30b0\u30a4\u30f3\uff1a<\/strong> \u5373\u5ea7\u306b\u8a8d\u8a3c\u304c\u53ef\u80fd\u3067\u3059\u3002\u6ce8\u610f\u70b9\u3068\u3057\u3066\u3001\u30ed\u30b0\u30a4\u30f3\u76f4\u5f8c\u306b\u30d7\u30ed\u30d5\u30a3\u30fc\u30eb\u8a2d\u5b9a\u753b\u9762\u3078\u884c\u304d\u3001\u30a2\u30ab\u30a6\u30f3\u30c8\u306e\u5168\u6a5f\u80fd\u3092\u5229\u7528\u3059\u308b\u305f\u3081\u306b\u3059\u3079\u3066\u306e\u500b\u4eba\u60c5\u5831\u3092\u5165\u529b\u3059\u308b\u5fc5\u8981\u304c\u3042\u308a\u307e\u3059\u3002<\/span>\n  <\/li>\n<\/ul>\n<h3>\u5229\u7528\u53ef\u80fd\u306a\u8a8d\u8a3c\u65b9\u6cd5<\/h3>\n<p>\u30a2\u30ab\u30a6\u30f3\u30c8\u6709\u52b9\u5316\u5f8c\u306f\u3001\u30e1\u30fc\u30eb\u30a2\u30c9\u30ec\u30b9\u3060\u3051\u3067\u306a\u304f\u3001\u4ee5\u4e0b\u306e\u4eba\u6c17\u30b5\u30fc\u30d3\u30b9\u306e\u30d7\u30ed\u30d5\u30a3\u30fc\u30eb\u3092\u4f7f\u7528\u3057\u3066\u30ed\u30b0\u30a4\u30f3\u3067\u304d\u307e\u3059\uff1a<\/p>\n<div style=\"display:grid;grid-template-columns:repeat(auto-fill,minmax(200px,1fr));gap:10px;margin:16px 0;\">\n<div style=\"border:1px solid #e8e8e8;border-radius:10px;padding:12px;font-weight:600;display:flex;align-items:center;gap:10px;\">&#9993; \u30e1\u30fc\u30eb\u30a2\u30c9\u30ec\u30b9 \/ \u30d1\u30b9\u30ef\u30fc\u30c9<\/div>\n<div style=\"border:1px solid #e8e8e8;border-radius:10px;padding:12px;font-weight:600;display:flex;align-items:center;gap:10px;\">G Google \/ Gmail<\/div>\n<div style=\"border:1px solid #e8e8e8;border-radius:10px;padding:12px;font-weight:600;display:flex;align-items:center;gap:10px;\">&#9679; Steam \u30a2\u30ab\u30a6\u30f3\u30c8<\/div>\n<div style=\"border:1px solid #e8e8e8;border-radius:10px;padding:12px;font-weight:600;display:flex;align-items:center;gap:10px;\">&#9654; Twitch \u30a2\u30ab\u30a6\u30f3\u30c8<\/div>\n<\/div>\n<h2>\u672c\u4eba\u78ba\u8a8d\uff08\u30a2\u30ab\u30a6\u30f3\u30c8\u8a8d\u8a3c\uff09<\/h2>\n<p>\u6cd5\u5f8b\u3092\u9075\u5b88\u3059\u308b\u305f\u3081\u3001Blaze \u3067\u306f\u672c\u4eba\u78ba\u8a8d\u3092\u6c42\u3081\u3066\u3044\u307e\u3059\u3002\u78ba\u8a8d\u3092\u884c\u3046\u306b\u306f\u3001<strong>\u300c\u30a2\u30ab\u30a6\u30f3\u30c8\u300d<\/strong>\u30bb\u30af\u30b7\u30e7\u30f3\uff08\u5165\u91d1\u30dc\u30bf\u30f3\u306e\u96a3\uff09\u306b\u79fb\u52d5\u3057\u3001<strong>\u300c\u66f8\u985e\u300d<\/strong>\u3092\u9078\u629e\u3057\u3066\u5fc5\u8981\u306a\u30d5\u30a1\u30a4\u30eb\u3092\u30a2\u30c3\u30d7\u30ed\u30fc\u30c9\u3057\u3066\u304f\u3060\u3055\u3044\u3002<\/p>\n<table style=\"width:100%;border-collapse:collapse;margin:16px 0;font-size:14px;\">\n<thead>\n<tr style=\"background:#fff5f5;\">\n<th style=\"padding:11px 14px;text-align:left;border-bottom:2px solid #e84d4d;color:#c0392b;\">\u66f8\u985e\u306e\u7a2e\u985e<\/th>\n<th style=\"padding:11px 14px;text-align:left;border-bottom:2px solid #e84d4d;color:#c0392b;\">\u6709\u52b9\u306a\u3082\u306e<\/th>\n<th style=\"padding:11px 14px;text-align:left;border-bottom:2px solid #e84d4d;color:#c0392b;\">\u6761\u4ef6<\/th>\n<\/tr>\n<\/thead>\n<tbody>\n<tr style=\"border-bottom:1px solid #f0f0f0;\">\n<td style=\"padding:11px 14px;\"><strong>\u8eab\u5206\u8a3c\u660e\u66f8<\/strong><\/td>\n<td style=\"padding:11px 14px;\">\u30d1\u30b9\u30dd\u30fc\u30c8\u3001\u904b\u8ee2\u514d\u8a31\u8a3c\u3001\u30de\u30a4\u30ca\u30f3\u30d0\u30fc\u30ab\u30fc\u30c9\u7b49\u3002<\/td>\n<td style=\"padding:11px 14px;\">\u516c\u7684\u306a\u3001\u6709\u52b9\u671f\u9650\u5185\u306e\u9854\u5199\u771f\u4ed8\u304d\u66f8\u985e\u3002<\/td>\n<\/tr>\n<tr style=\"background:#fafafa;border-bottom:1px solid #f0f0f0;\">\n<td style=\"padding:11px 14px;\"><strong>\u5c45\u4f4f\u8a3c\u660e\u66f8<\/strong><\/td>\n<td style=\"padding:11px 14px;\">\u516c\u5171\u6599\u91d1\u306e\u8acb\u6c42\u66f8\u3001\u9280\u884c\u306e\u53d6\u5f15\u660e\u7d30\u66f8\u3001\u516c\u7684\u6a5f\u95a2\u304b\u3089\u306e\u901a\u77e5\u3002<\/td>\n<td style=\"padding:11px 14px;\">\u767a\u884c\u304b\u30893\u30f6\u6708\u4ee5\u5185\u3002\u6c0f\u540d\u304c\u660e\u8a18\u3055\u308c\u3066\u3044\u308b\u3053\u3068\u3002<\/td>\n<\/tr>\n<\/tbody>\n<\/table>\n<p><em>\u672c\u4eba\u78ba\u8a8d\u306e\u5be9\u67fb\u306b\u306f\u3001\u3059\u3079\u3066\u306e\u5fc5\u8981\u66f8\u985e\u304c\u63d0\u51fa\u3055\u308c\u3066\u304b\u3089\u6700\u5927 <strong>48\u6642\u9593<\/strong> \u304b\u304b\u308a\u307e\u3059\u3002<\/em><\/p>\n<h2>\u5165\u91d1\u65b9\u6cd5<\/h2>\n<p>Blaze \u3067\u306e\u3059\u3079\u3066\u306e\u5165\u91d1\u65b9\u6cd5\u306b\u304a\u3044\u3066\u3001\u30ab\u30b8\u30ce\u5074\u3067\u306e\u624b\u6570\u6599\u306f\u304b\u304b\u308a\u307e\u305b\u3093\u3002\u73fe\u5728\u306e\u9650\u5ea6\u984d\u306f\u4ee5\u4e0b\u306e\u901a\u308a\u3067\u3059\uff1a<\/p>\n<table style=\"width:100%;border-collapse:collapse;margin:16px 0;font-size:13px;\">\n<thead>\n<tr style=\"background:#f0f4ff;\">\n<th style=\"padding:11px 14px;text-align:left;border-bottom:2px solid #2f7dff;\">\u6c7a\u6e08\u65b9\u6cd5<\/th>\n<th style=\"padding:11px 14px;text-align:left;border-bottom:2px solid #2f7dff;\">\u624b\u6570\u6599<\/th>\n<th style=\"padding:11px 14px;text-align:left;border-bottom:2px solid #2f7dff;\">1\u56de\u3042\u305f\u308a\u306e\u9650\u5ea6\u984d<\/th>\n<\/tr>\n<\/thead>\n<tbody>\n<tr style=\"border-bottom:1px solid #f0f0f0;\">\n<td style=\"padding:11px 14px;\"><strong>Bitcoin<\/strong><\/td>\n<td style=\"padding:11px 14px;\">0%<\/td>\n<td style=\"padding:11px 14px;\">\u6700\u5c0f mBTC 0 \/ \u6700\u5927 mBTC 10000<\/td>\n<\/tr>\n<tr style=\"background:#fafafa;border-bottom:1px solid #f0f0f0;\">\n<td style=\"padding:11px 14px;\"><strong>Visa \/ MasterCard<\/strong><\/td>\n<td style=\"padding:11px 14px;\">0%<\/td>\n<td style=\"padding:11px 14px;\">\u6700\u5c0f $10 \/ \u6700\u5927 $5000<\/td>\n<\/tr>\n<tr style=\"border-bottom:1px solid #f0f0f0;\">\n<td style=\"padding:11px 14px;\"><strong>MuchBetter<\/strong><\/td>\n<td style=\"padding:11px 14px;\">0%<\/td>\n<td style=\"padding:11px 14px;\">\u6700\u5c0f $0 \/ \u6700\u5927 $10000<\/td>\n<\/tr>\n<tr style=\"background:#fafafa;border-bottom:1px solid #f0f0f0;\">\n<td style=\"padding:11px 14px;\"><strong>Interac\u00ae (Online\/e-Transfer)<\/strong><\/td>\n<td style=\"padding:11px 14px;\">0%<\/td>\n<td style=\"padding:11px 14px;\">\u6700\u5c0f $5 \/ \u6700\u5927 $2500<\/td>\n<\/tr>\n<tr style=\"border-bottom:1px solid #f0f0f0;\">\n<td style=\"padding:11px 14px;\"><strong>ecoPayz<\/strong><\/td>\n<td style=\"padding:11px 14px;\">0%<\/td>\n<td style=\"padding:11px 14px;\">\u6700\u5c0f $5 \/ \u6700\u5927 $9999<\/td>\n<\/tr>\n<\/tbody>\n<\/table>\n<h2>\u52dd\u5229\u91d1\u306e\u51fa\u91d1<\/h2>\n<p>\u51fa\u91d1\u306b\u306f\u3001\u51e6\u7406\u901f\u5ea6\u304c\u901f\u304f\u4fe1\u983c\u6027\u306e\u9ad8\u3044\u4ee5\u4e0b\u306e\u65b9\u6cd5\u304c\u5229\u7528\u53ef\u80fd\u3067\u3059\uff1a<\/p>\n<table style=\"width:100%;border-collapse:collapse;margin:16px 0;font-size:13px;\">\n<thead>\n<tr style=\"background:#f0fff4;\">\n<th style=\"padding:11px 14px;text-align:left;border-bottom:2px solid #1a8a3a;\">\u51fa\u91d1\u65b9\u6cd5<\/th>\n<th style=\"padding:11px 14px;text-align:left;border-bottom:2px solid #1a8a3a;\">\u624b\u6570\u6599<\/th>\n<th style=\"padding:11px 14px;text-align:left;border-bottom:2px solid #1a8a3a;\">1\u56de\u3042\u305f\u308a\u306e\u9650\u5ea6\u984d<\/th>\n<\/tr>\n<\/thead>\n<tbody>\n<tr style=\"border-bottom:1px solid #f0f0f0;\">\n<td style=\"padding:11px 14px;\"><strong>Bitcoin<\/strong><\/td>\n<td style=\"padding:11px 14px;\">\u306a\u3057<\/td>\n<td style=\"padding:11px 14px;\">\u6700\u5c0f mBTC 0 \/ \u6700\u5927 mBTC 10000<\/td>\n<\/tr>\n<tr style=\"background:#fafafa;border-bottom:1px solid #f0f0f0;\">\n<td style=\"padding:11px 14px;\"><strong>Interac\u00ae e-Transfer<\/strong><\/td>\n<td style=\"padding:11px 14px;\">\u306a\u3057<\/td>\n<td style=\"padding:11px 14px;\">\u6700\u5c0f $0 \/ \u6700\u5927 $10000<\/td>\n<\/tr>\n<tr style=\"border-bottom:1px solid #f0f0f0;\">\n<td style=\"padding:11px 14px;\"><strong>ecoPayz<\/strong><\/td>\n<td style=\"padding:11px 14px;\">\u306a\u3057<\/td>\n<td style=\"padding:11px 14px;\">\u6700\u5c0f $0 \/ \u6700\u5927 $10000<\/td>\n<\/tr>\n<\/tbody>\n<\/table>\n<p style=\"font-size:12px; color:#666;\">*\u6ce8\u610f\uff1a\u51fa\u91d1\u3092\u884c\u3046\u524d\u306b\u3001\u3059\u3079\u3066\u306e\u6709\u52b9\u306a\u66f8\u985e\u78ba\u8a8d\u8981\u4ef6\u304c\u5b8c\u4e86\u3057\u3066\u3044\u308b\u5fc5\u8981\u304c\u3042\u308a\u307e\u3059\u3002<\/p>\n<style>\n    noindex{\n        width: 100%;\n        display: flex;\n        justify-content: center;\n        margin: 1em 0;\n    }\n    body noindex .rating_btn {\n        display: flex;\n        align-items: center;\n        justify-content: center;\n        padding: 12px 16px;\n        border-radius: 14px;\n        border: 1px solid rgb(255 255 255 \/ 12%);\n        background: linear-gradient(180deg, rgba(255, 255, 255, 0.1), rgba(255, 255, 255, 0.03)), #2f7dff;\n        color: white;\n        text-decoration: none;\n        font-weight: 800;\n        letter-spacing: 0.2px;\n        transition: 300ms;\n        box-shadow: 0 12px 26px rgba(47, 125, 255, 0.35);\n        cursor: pointer;\n        font-size: 18px;\n    }\n    .rating_btn:hover {\n        background: linear-gradient(180deg, rgba(255, 255, 255, 0.1), rgba(255, 255, 255, 0.03)), #2060cc;\n    }    \n    noindex br{\n        display: none;\n    }\n<\/style>\n<p><noindex><br \/>\n    <a class=\"rating_btn\" href=\"https:\/\/www.gotoplaynow.link\/c\/531f4d32b72f085e\" rel=\"nofollow\" target=\"_blank\" title=\"\u30dc\u30fc\u30ca\u30b9\u3092\u3082\u3089\u3063\u3066\u30d7\u30ec\u30a4\"><br \/>\n        \u30dc\u30fc\u30ca\u30b9\u3092\u3082\u3089\u3063\u3066\u30d7\u30ec\u30a4<br \/>\n    <\/a><br \/>\n<\/noindex><\/p>\n","protected":false},"excerpt":{"rendered":"<p>Blaze \u30ab\u30b8\u30ce\u306e\u767b\u9332\u3068\u672c\u4eba\u78ba\u8a8d\uff1a\u5b8c\u5168\u30ac\u30a4\u30c9 B&#8230;<\/p>\n<div class=\"more-link-wrapper\"><a class=\"more-link\" href=\"https:\/\/blaze-cassino.com\/ja\/registration-at-blaze-online-casino\/\">Read more<span class=\"screen-reader-text\">\u767b\u9332<\/span><\/a><\/div>\n","protected":false},"author":1,"featured_media":0,"parent":0,"menu_order":0,"comment_status":"closed","ping_status":"closed","template":"templates\/full-width.php","meta":{"footnotes":""},"class_list":["post-16","page","type-page","status-publish","hentry","entry"],"yoast_head":"<!-- This site is optimized with the Yoast SEO plugin v27.3 - https:\/\/yoast.com\/product\/yoast-seo-wordpress\/ -->\n<title>Blaze\u30aa\u30f3\u30e9\u30a4\u30f3\u30ab\u30b8\u30ce\u3078\u306e\u767b\u9332<\/title>\n<meta name=\"description\" content=\"Blaze\u30ab\u30b8\u30ce\u516c\u5f0f\u30b5\u30a4\u30c8\u3067\u306e\u30d7\u30ec\u30a4\u30e4\u30fc\u767b\u9332\u3002Blaze\u30ab\u30b8\u30ce\u30b5\u30a4\u30c8\u3067\u306e\u30ed\u30b0\u30a4\u30f3\u3068\u767b\u9332\u3002\u767b\u9332\u5f8c\u306b\u30dc\u30fc\u30ca\u30b9\u3092\u7372\u5f97\" \/>\n<meta name=\"robots\" content=\"index, follow, max-snippet:-1, max-image-preview:large, max-video-preview:-1\" \/>\n<link rel=\"canonical\" href=\"https:\/\/blaze-cassino.com\/ja\/registration-at-blaze-online-casino\/\" \/>\n<meta property=\"og:locale\" content=\"ja_JP\" \/>\n<meta property=\"og:locale:alternate\" content=\"ru_RU\" \/>\n<meta property=\"og:locale:alternate\" content=\"en_US\" \/>\n<meta property=\"og:locale:alternate\" content=\"pt_BR\" \/>\n<meta property=\"og:locale:alternate\" content=\"es_ES\" \/>\n<meta property=\"og:locale:alternate\" content=\"fr_FR\" \/>\n<meta property=\"og:locale:alternate\" content=\"it_IT\" \/>\n<meta property=\"og:locale:alternate\" content=\"pl_PL\" \/>\n<meta property=\"og:locale:alternate\" content=\"hi-IN\" \/>\n<meta property=\"og:locale:alternate\" content=\"fi-FI\" \/>\n<meta property=\"og:locale:alternate\" content=\"nb-NO\" \/>\n<meta property=\"og:locale:alternate\" content=\"el-GR\" \/>\n<meta property=\"og:locale:alternate\" content=\"sk-SK\" \/>\n<meta property=\"og:locale:alternate\" content=\"ro-RO\" \/>\n<meta property=\"og:locale:alternate\" content=\"tr-TR\" \/>\n<meta property=\"og:type\" content=\"article\" \/>\n<meta property=\"og:title\" content=\"Blaze\u30aa\u30f3\u30e9\u30a4\u30f3\u30ab\u30b8\u30ce\u3078\u306e\u767b\u9332\" \/>\n<meta property=\"og:url\" content=\"https:\/\/blaze-cassino.com\/ja\/registration-at-blaze-online-casino\/\" \/>\n<meta property=\"og:site_name\" content=\"Blaze Casino\" \/>\n<meta property=\"article:modified_time\" content=\"2026-04-10T14:54:29+00:00\" \/>\n<meta name=\"twitter:card\" content=\"summary_large_image\" \/>\n<meta name=\"twitter:label1\" content=\"\u63a8\u5b9a\u8aad\u307f\u53d6\u308a\u6642\u9593\" \/>\n\t<meta name=\"twitter:data1\" content=\"3\u5206\" \/>\n<script type=\"application\/ld+json\" class=\"yoast-schema-graph\">{\"@context\":\"https:\\\/\\\/schema.org\",\"@graph\":[{\"@type\":\"WebPage\",\"@id\":\"https:\\\/\\\/blaze-cassino.com\\\/registration-at-blaze-online-casino\\\/\",\"url\":\"https:\\\/\\\/blaze-cassino.com\\\/registration-at-blaze-online-casino\\\/\",\"name\":\"Blaze\u30aa\u30f3\u30e9\u30a4\u30f3\u30ab\u30b8\u30ce\u3078\u306e\u767b\u9332\",\"isPartOf\":{\"@id\":\"https:\\\/\\\/blaze-cassino.com\\\/#website\"},\"datePublished\":\"2024-06-07T18:18:00+00:00\",\"dateModified\":\"2026-04-10T14:54:29+00:00\",\"description\":\"Blaze\u30ab\u30b8\u30ce\u516c\u5f0f\u30b5\u30a4\u30c8\u3067\u306e\u30d7\u30ec\u30a4\u30e4\u30fc\u767b\u9332\u3002Blaze\u30ab\u30b8\u30ce\u30b5\u30a4\u30c8\u3067\u306e\u30ed\u30b0\u30a4\u30f3\u3068\u767b\u9332\u3002\u767b\u9332\u5f8c\u306b\u30dc\u30fc\u30ca\u30b9\u3092\u7372\u5f97\",\"breadcrumb\":{\"@id\":\"https:\\\/\\\/blaze-cassino.com\\\/registration-at-blaze-online-casino\\\/#breadcrumb\"},\"inLanguage\":\"ja-JP\",\"potentialAction\":[{\"@type\":\"ReadAction\",\"target\":[\"https:\\\/\\\/blaze-cassino.com\\\/registration-at-blaze-online-casino\\\/\"]}]},{\"@type\":\"BreadcrumbList\",\"@id\":\"https:\\\/\\\/blaze-cassino.com\\\/registration-at-blaze-online-casino\\\/#breadcrumb\",\"itemListElement\":[{\"@type\":\"ListItem\",\"position\":1,\"name\":\"\u0413\u043b\u0430\u0432\u043d\u0430\u044f \u0441\u0442\u0440\u0430\u043d\u0438\u0446\u0430\",\"item\":\"https:\\\/\\\/blaze-cassino.com\\\/tr\\\/\"},{\"@type\":\"ListItem\",\"position\":2,\"name\":\"\u0420\u0435\u0433\u0438\u0441\u0442\u0440\u0430\u0446\u0438\u044f\"}]},{\"@type\":\"WebSite\",\"@id\":\"https:\\\/\\\/blaze-cassino.com\\\/#website\",\"url\":\"https:\\\/\\\/blaze-cassino.com\\\/\",\"name\":\"Blaze Casino\",\"description\":\"\",\"potentialAction\":[{\"@type\":\"SearchAction\",\"target\":{\"@type\":\"EntryPoint\",\"urlTemplate\":\"https:\\\/\\\/blaze-cassino.com\\\/?s={search_term_string}\"},\"query-input\":{\"@type\":\"PropertyValueSpecification\",\"valueRequired\":true,\"valueName\":\"search_term_string\"}}],\"inLanguage\":\"ja-JP\"}]}<\/script>\n<!-- \/ Yoast SEO plugin. -->","yoast_head_json":{"title":"Blaze\u30aa\u30f3\u30e9\u30a4\u30f3\u30ab\u30b8\u30ce\u3078\u306e\u767b\u9332","description":"Blaze\u30ab\u30b8\u30ce\u516c\u5f0f\u30b5\u30a4\u30c8\u3067\u306e\u30d7\u30ec\u30a4\u30e4\u30fc\u767b\u9332\u3002Blaze\u30ab\u30b8\u30ce\u30b5\u30a4\u30c8\u3067\u306e\u30ed\u30b0\u30a4\u30f3\u3068\u767b\u9332\u3002\u767b\u9332\u5f8c\u306b\u30dc\u30fc\u30ca\u30b9\u3092\u7372\u5f97","robots":{"index":"index","follow":"follow","max-snippet":"max-snippet:-1","max-image-preview":"max-image-preview:large","max-video-preview":"max-video-preview:-1"},"canonical":"https:\/\/blaze-cassino.com\/ja\/registration-at-blaze-online-casino\/","og_locale":"ja_JP","og_type":"article","og_title":"[:ru]\u0420\u0435\u0433\u0438\u0441\u0442\u0440\u0430\u0446\u0438\u044f \u0432 \u043e\u043d\u043b\u0430\u0439\u043d \u043a\u0430\u0437\u0438\u043d\u043e Blaze[:en]Registration at Blaze online casino[:pt]Registro no cassino online Blaze[:es]Registro en el casino en l\u00ednea Blaze[:fr]Inscription Blaze[:it]Registrazione al casin\u00f2 online Blaze[:pl]Rejestracja w kasynie online Blaze[:hi]Blaze \u0911\u0928\u0932\u093e\u0907\u0928 \u0915\u0948\u0938\u0940\u0928\u094b \u092e\u0947\u0902 \u092a\u0902\u091c\u0940\u0915\u0930\u0923[:fi]Rekister\u00f6ityminen Blaze-verkkokasinolle[:nb]Registrering p\u00e5 Blaze nettkasino[:ja]Blaze\u30aa\u30f3\u30e9\u30a4\u30f3\u30ab\u30b8\u30ce\u3078\u306e\u767b\u9332[:el]\u0395\u03b3\u03b3\u03c1\u03b1\u03c6\u03ae \u03c3\u03c4\u03bf online \u03ba\u03b1\u03b6\u03af\u03bd\u03bf Blaze[:sk]Registr\u00e1cia v online kas\u00edne Blaze[:ro]\u00cenregistrare la cazinoul online Blaze[:tr]Blaze online kumarhanesinde kay\u0131t[:]","og_url":"https:\/\/blaze-cassino.com\/ja\/registration-at-blaze-online-casino\/","og_site_name":"Blaze Casino","article_modified_time":"2026-04-10T14:54:29+00:00","twitter_card":"summary_large_image","twitter_misc":{"\u63a8\u5b9a\u8aad\u307f\u53d6\u308a\u6642\u9593":"3\u5206"},"schema":{"@context":"https:\/\/schema.org","@graph":[{"@type":"WebPage","@id":"https:\/\/blaze-cassino.com\/registration-at-blaze-online-casino\/","url":"https:\/\/blaze-cassino.com\/registration-at-blaze-online-casino\/","name":"Blaze\u30aa\u30f3\u30e9\u30a4\u30f3\u30ab\u30b8\u30ce\u3078\u306e\u767b\u9332","isPartOf":{"@id":"https:\/\/blaze-cassino.com\/#website"},"datePublished":"2024-06-07T18:18:00+00:00","dateModified":"2026-04-10T14:54:29+00:00","description":"Blaze\u30ab\u30b8\u30ce\u516c\u5f0f\u30b5\u30a4\u30c8\u3067\u306e\u30d7\u30ec\u30a4\u30e4\u30fc\u767b\u9332\u3002Blaze\u30ab\u30b8\u30ce\u30b5\u30a4\u30c8\u3067\u306e\u30ed\u30b0\u30a4\u30f3\u3068\u767b\u9332\u3002\u767b\u9332\u5f8c\u306b\u30dc\u30fc\u30ca\u30b9\u3092\u7372\u5f97","breadcrumb":{"@id":"https:\/\/blaze-cassino.com\/registration-at-blaze-online-casino\/#breadcrumb"},"inLanguage":"ja-JP","potentialAction":[{"@type":"ReadAction","target":["https:\/\/blaze-cassino.com\/registration-at-blaze-online-casino\/"]}]},{"@type":"BreadcrumbList","@id":"https:\/\/blaze-cassino.com\/registration-at-blaze-online-casino\/#breadcrumb","itemListElement":[{"@type":"ListItem","position":1,"name":"\u0413\u043b\u0430\u0432\u043d\u0430\u044f \u0441\u0442\u0440\u0430\u043d\u0438\u0446\u0430","item":"https:\/\/blaze-cassino.com\/tr\/"},{"@type":"ListItem","position":2,"name":"\u0420\u0435\u0433\u0438\u0441\u0442\u0440\u0430\u0446\u0438\u044f"}]},{"@type":"WebSite","@id":"https:\/\/blaze-cassino.com\/#website","url":"https:\/\/blaze-cassino.com\/","name":"Blaze Casino","description":"","potentialAction":[{"@type":"SearchAction","target":{"@type":"EntryPoint","urlTemplate":"https:\/\/blaze-cassino.com\/?s={search_term_string}"},"query-input":{"@type":"PropertyValueSpecification","valueRequired":true,"valueName":"search_term_string"}}],"inLanguage":"ja-JP"}]}},"_links":{"self":[{"href":"https:\/\/blaze-cassino.com\/ja\/wp-json\/wp\/v2\/pages\/16","targetHints":{"allow":["GET"]}}],"collection":[{"href":"https:\/\/blaze-cassino.com\/ja\/wp-json\/wp\/v2\/pages"}],"about":[{"href":"https:\/\/blaze-cassino.com\/ja\/wp-json\/wp\/v2\/types\/page"}],"author":[{"embeddable":true,"href":"https:\/\/blaze-cassino.com\/ja\/wp-json\/wp\/v2\/users\/1"}],"replies":[{"embeddable":true,"href":"https:\/\/blaze-cassino.com\/ja\/wp-json\/wp\/v2\/comments?post=16"}],"version-history":[{"count":30,"href":"https:\/\/blaze-cassino.com\/ja\/wp-json\/wp\/v2\/pages\/16\/revisions"}],"predecessor-version":[{"id":119,"href":"https:\/\/blaze-cassino.com\/ja\/wp-json\/wp\/v2\/pages\/16\/revisions\/119"}],"wp:attachment":[{"href":"https:\/\/blaze-cassino.com\/ja\/wp-json\/wp\/v2\/media?parent=16"}],"curies":[{"name":"wp","href":"https:\/\/api.w.org\/{rel}","templated":true}]}}