{"id":12,"date":"2024-06-07T21:15:24","date_gmt":"2024-06-07T18:15:24","guid":{"rendered":"https:\/\/blaze-cassino.com\/?page_id=12"},"modified":"2026-04-10T21:12:16","modified_gmt":"2026-04-10T18:12:16","slug":"bonuses-at-blaze-online-casino","status":"publish","type":"page","link":"https:\/\/blaze-cassino.com\/nb\/bonuses-at-blaze-online-casino\/","title":{"rendered":"Bonuser"},"content":{"rendered":"<p><span style=\"font-weight: 400;\">Hos Blaze online casino har vi utviklet et bel\u00f8nnings\u00f8kosystem i flere niv\u00e5er som forvandler hver eneste handling fra spilleren til en mulighet for ekstra profitt. Vi tilbyr mer enn bare engangskampanjer; vi tilbyr et fullstendig oppf\u00f8lgingsprogram: fra \u00f8yeblikket du registrerer deg til du oppn\u00e5r elite VIP-status. V\u00e5rt m\u00e5l er \u00e5 garantere gjennomsiktige vilk\u00e5r og reell verdi for hver bonus, slik at hver kunde kan bruke sin bankroll med maksimal effektivitet.<\/span><\/p>\n<style>\n    noindex{\n        width: 100%;\n        display: flex;\n        justify-content: center;\n        margin: 1em 0;\n    }\n    body noindex .rating_btn {\n        display: flex;\n        align-items: center;\n        justify-content: center;\n        padding: 12px 16px;\n        border-radius: 14px;\n        border: 1px solid rgb(255 255 255 \/ 12%);\n        background: linear-gradient(180deg, rgba(255, 255, 255, 0.1), rgba(255, 255, 255, 0.03)), #2f7dff;\n        color: white;\n        text-decoration: none;\n        font-weight: 800;\n        letter-spacing: 0.2px;\n        transition: 300ms;\n        box-shadow: 0 12px 26px rgba(47, 125, 255, 0.35);\n        cursor: pointer;\n        font-size: 18px;\n    }\n    .rating_btn:hover {\n        background: linear-gradient(180deg, rgba(255, 255, 255, 0.1), rgba(255, 255, 255, 0.03)), #2060cc;\n    }    \n    noindex br{\n        display: none;\n    }\n<\/style>\n<p><noindex><br \/>\n    <a class=\"rating_btn\" href=\"https:\/\/www.gotoplaynow.link\/c\/531f4d32b72f085e\" rel=\"nofollow\" target=\"_blank\" title=\"Spill med bonus\"><br \/>\n        Spill med bonus<br \/>\n    <\/a><br \/>\n<\/noindex><\/p>\n<h2><b>Velkomstpakke: En kraftfull start for nye seire<\/b><\/h2>\n<p><span style=\"font-weight: 400;\">For de som akkurat har startet sin reise hos Blaze, har vi forberedt et eksklusivt velkomsttilbud som lar deg g\u00e5 inn i spillet med en solid fordel.<\/span><\/p>\n<ol>\n<li style=\"margin-bottom: 15px;\"><b>100 % bonus p\u00e5 f\u00f8rste innskudd<\/b><span style=\"font-weight: 400;\"> \u2014 Ved ditt f\u00f8rste innskudd dobler Blaze Casino saldoen din. Maksimalt bonusbel\u00f8p er \u20ac200 (eller tilsvarende i $). Dette betyr at med et innskudd p\u00e5 \u20ac200, vil du ha \u20ac400 p\u00e5 kontoen din til \u00e5 spille for.<\/span><\/li>\n<li style=\"margin-bottom: 15px;\"><b>Pakke med 40 gratisrunder<\/b><span style=\"font-weight: 400;\"> \u2014 I tillegg til kontantbonusen f\u00e5r nye spillere 40 gratisspinn. For \u00e5 aktivere dette tilbudet er minimumsinnskuddet kun \u20ac10. Vennligst merk at gratisspinn kun er tilgjengelige for det f\u00f8rste innskuddet.<\/span><\/li>\n<li style=\"margin-bottom: 15px;\"><b>Vilk\u00e5r for rettferdig spill (Bonusvilk\u00e5r)<\/b><span style=\"font-weight: 400;\"> \u2014 Vi f\u00f8lger en policy om \u00e5penhet: maksimal innsats mens en bonussaldo er aktiv er \u20ac5 \/ $5. Denne regelen lar spillere nyte spillet lenger og sikrer systemets stabilitet.<\/span><\/li>\n<\/ol>\n<h2><b>Lojalitetssystem og progressive bel\u00f8nninger<\/b><\/h2>\n<p><span style=\"font-weight: 400;\">Spillopplevelsen hos Blaze er gamifisert: hver innsats bringer deg n\u00e6rmere et nytt niv\u00e5 og mer prestisjefylte bel\u00f8nninger.<\/span><\/p>\n<ol>\n<li style=\"margin-bottom: 15px;\"><b>Daily Spin: Din daglige dose med flaks<\/b><span style=\"font-weight: 400;\"> \u2014 Hver 24. time f\u00e5r hver aktive bruker ett spinn p\u00e5 bel\u00f8nningshjulet. Avhengig av din rangering l\u00e5ser du opp forskjellige hjul: Bronze, Silver, Gold, Platinum eller Diamond. Jo h\u00f8yere status du har, desto mer verdifulle er premiene p\u00e5 hjulet.<\/span><\/li>\n<li style=\"margin-bottom: 15px;\"><b>Level Up Reward: Bel\u00f8nning for utvikling<\/b><span style=\"font-weight: 400;\"> \u2014 Hver gang du n\u00e5r et nytt niv\u00e5, inviterer systemet deg til \u00e5 velge \u00e9n av tre mystiske kister. Inni kan du finne bonusmidler, gratisspinn eller andre verdifulle privilegier.<\/span><\/li>\n<li style=\"margin-bottom: 15px;\"><b>Double XP: Fremskynd progresjonen<\/b><span style=\"font-weight: 400;\"> \u2014 Vi aktiverer regelmessig kampanjen &laquo;Double XP&raquo;, som lar spillere utvikle profilen sin dobbelt s\u00e5 raskt. Dette er den korteste veien til \u00e5 f\u00e5 eliteprivilegier og tilgang til Diamond-hjulet.<\/span><\/li>\n<\/ol>\n<style>\n    noindex{\n        width: 100%;\n        display: flex;\n        justify-content: center;\n        margin: 1em 0;\n    }\n    body noindex .rating_btn {\n        display: flex;\n        align-items: center;\n        justify-content: center;\n        padding: 12px 16px;\n        border-radius: 14px;\n        border: 1px solid rgb(255 255 255 \/ 12%);\n        background: linear-gradient(180deg, rgba(255, 255, 255, 0.1), rgba(255, 255, 255, 0.03)), #2f7dff;\n        color: white;\n        text-decoration: none;\n        font-weight: 800;\n        letter-spacing: 0.2px;\n        transition: 300ms;\n        box-shadow: 0 12px 26px rgba(47, 125, 255, 0.35);\n        cursor: pointer;\n        font-size: 18px;\n    }\n    .rating_btn:hover {\n        background: linear-gradient(180deg, rgba(255, 255, 255, 0.1), rgba(255, 255, 255, 0.03)), #2060cc;\n    }    \n    noindex br{\n        display: none;\n    }\n<\/style>\n<p><noindex><br \/>\n    <a class=\"rating_btn\" href=\"https:\/\/www.gotoplaynow.link\/c\/531f4d32b72f085e\" rel=\"nofollow\" target=\"_blank\" title=\"Spill med bonus\"><br \/>\n        Spill med bonus<br \/>\n    <\/a><br \/>\n<\/noindex><\/p>\n<h2><b>Spesialkampanjer og verveprogram<\/b><\/h2>\n<p><span style=\"font-weight: 400;\">Vi verdsetter lojalitet og sosial aktivitet fra v\u00e5re spillere, og tilbyr verkt\u00f8y for passiv inntekt og risikominimering.<\/span><\/p>\n<ol>\n<li style=\"margin-bottom: 15px;\"><b>Programmet &laquo;Verv en venn&raquo;<\/b><span style=\"font-weight: 400;\"> \u2014 Vil du tjene penger sammen med vennene dine? Bruk din unike vervelenke i seksjonen &laquo;Mine bel\u00f8nninger&raquo;. For hver vervet venn som oppfyller plattformens vilk\u00e5r, mottar du en bel\u00f8nning p\u00e5 opptil 5.00 USD direkte til din saldo. Antallet invitasjoner er ubegrenset!<\/span><\/li>\n<li style=\"margin-bottom: 15px;\"><b>Cashback \/ Refund: En ny sjanse til \u00e5 vinne<\/b><span style=\"font-weight: 400;\"> \u2014 Blaze har et cashback-system som refunderer en del av tap i ekte penger. Dette reduserer risikoen betydelig og lar deg fortsette spillet selv etter en periode med uflaks. Beregningen av cashback er basert p\u00e5 en rettferdig formel som tar hensyn til din spillaktivitet.<\/span><\/li>\n<li style=\"margin-bottom: 15px;\"><b>Free Spins p\u00e5 spill i Original-serien<\/b><span style=\"font-weight: 400;\"> \u2014 Motta gratisrunder for legendariske spill som Crash eller Double. Gevinstene fra disse spinnene blir konvertert til bonuser, og verdien av et enkelt spinn kan variere fra beskjedne bel\u00f8p helt opp til imponerende \u20ac5000.<\/span><\/li>\n<\/ol>\n<h2><b>VIP-klubb og eksklusive fysiske bel\u00f8nninger<\/b><\/h2>\n<p><span style=\"font-weight: 400;\">For v\u00e5re mest dedikerte spillere tilbyr Blaze et serviceniv\u00e5 som strekker seg utover den digitale plattformen.<\/span><\/p>\n<ul>\n<li style=\"margin-bottom: 10px;\"><b>Fysiske varer (Physical Goods)<\/b> \u2014 Vi har valgt ut en rekke verdifulle gjenstander som vi sender direkte hjem til vinnere og aktive spillere.<\/li>\n<li style=\"margin-bottom: 10px;\"><b>Personlig oppf\u00f8lging<\/b> \u2014 VIP-kunder f\u00e5r st\u00f8tte fra en personlig manager og prioritet ved behandling av alle foresp\u00f8rsler.<\/li>\n<li style=\"margin-bottom: 10px;\"><b>Turneringer med store premiepotter<\/b> \u2014 Regelmessige konkurranser i spilleautomater og bordspill lar deg konkurrere med andre deltakere om retten til \u00e5 kreve enorme pengepremier.<\/li>\n<\/ul>\n<h2><b>Hvordan aktivere og bruke bonuser riktig<\/b><\/h2>\n<p style=\"background: #f9f9f9; padding: 15px; border-left: 4px solid #e84d4d;\"><span style=\"font-weight: 400;\"><strong>Viktig p\u00e5minnelse:<\/strong> Kun 1 konto per person er tillatt hos Blaze. Oppretting av duplikate kontoer med form\u00e5l om \u00e5 motta flere bonuser vil f\u00f8re til umiddelbar blokkering av alle kontoer og kansellering av gevinster. Ikke del dine data med tredjeparter!<\/span><\/p>\n<ol>\n<li style=\"margin-bottom: 10px;\"><b>Registrering:<\/b> Opprett en profil ved hjelp av e-post eller rask p\u00e5logging via Google.<\/li>\n<li style=\"margin-bottom: 10px;\"><b>Verifisering:<\/b> F\u00f8r du tar ut midler, s\u00f8rg for at du har lastet opp n\u00f8dvendige dokumenter (ID og adressebevis) i &laquo;Konto&raquo;-seksjonen. Verifisering tar vanligvis opptil 48 timer.<\/li>\n<li style=\"margin-bottom: 10px;\"><b>Innskudd:<\/b> N\u00e5r du fyller p\u00e5 kontoen din (minimum \u20ac10 for bonus), velg \u00f8nsket tilbud i vinduet &laquo;Velg din bonus&raquo; f\u00f8r du bekrefter betalingen.<\/li>\n<\/ol>\n<p><span style=\"font-weight: 400;\">Blaze sitt bonusprogram er ditt p\u00e5litelige verkt\u00f8y for \u00e5 \u00f8ke ditt spillpotensial. Enten du foretrekker klassiske spilleautomater, Live Casino eller v\u00e5re egne spill Crash og Double, vil det alltid v\u00e6re en kampanje som gj\u00f8r innsatsen din mer l\u00f8nnsom. Bli med i Blaze, utvikle kontoen din og hent de beste bel\u00f8nningnene p\u00e5 online gambling-markedet!<\/span><\/p>\n<style>\n    noindex{\n        width: 100%;\n        display: flex;\n        justify-content: center;\n        margin: 1em 0;\n    }\n    body noindex .rating_btn {\n        display: flex;\n        align-items: center;\n        justify-content: center;\n        padding: 12px 16px;\n        border-radius: 14px;\n        border: 1px solid rgb(255 255 255 \/ 12%);\n        background: linear-gradient(180deg, rgba(255, 255, 255, 0.1), rgba(255, 255, 255, 0.03)), #2f7dff;\n        color: white;\n        text-decoration: none;\n        font-weight: 800;\n        letter-spacing: 0.2px;\n        transition: 300ms;\n        box-shadow: 0 12px 26px rgba(47, 125, 255, 0.35);\n        cursor: pointer;\n        font-size: 18px;\n    }\n    .rating_btn:hover {\n        background: linear-gradient(180deg, rgba(255, 255, 255, 0.1), rgba(255, 255, 255, 0.03)), #2060cc;\n    }    \n    noindex br{\n        display: none;\n    }\n<\/style>\n<p><noindex><br \/>\n    <a class=\"rating_btn\" href=\"https:\/\/www.gotoplaynow.link\/c\/531f4d32b72f085e\" rel=\"nofollow\" target=\"_blank\" title=\"Spill med bonus\"><br \/>\n        Spill med bonus<br \/>\n    <\/a><br \/>\n<\/noindex><\/p>\n","protected":false},"excerpt":{"rendered":"<p>Hos Blaze online casino har vi utviklet et bel\u00f8nnings\u00f8kosystem i flere niv\u00e5er som forvandler hver eneste handling fra spilleren til en mulighet for ekstra profitt.&#8230;<\/p>\n<div class=\"more-link-wrapper\"><a class=\"more-link\" href=\"https:\/\/blaze-cassino.com\/nb\/bonuses-at-blaze-online-casino\/\">Read more<span class=\"screen-reader-text\">Bonuser<\/span><\/a><\/div>\n","protected":false},"author":1,"featured_media":0,"parent":0,"menu_order":0,"comment_status":"closed","ping_status":"closed","template":"templates\/full-width.php","meta":{"footnotes":""},"class_list":["post-12","page","type-page","status-publish","hentry","entry"],"yoast_head":"<!-- This site is optimized with the Yoast SEO plugin v27.3 - https:\/\/yoast.com\/product\/yoast-seo-wordpress\/ -->\n<title>Bonuser i Blaze nettkasino<\/title>\n<meta name=\"description\" content=\"Vi har samlet bonuser i Blaze nettkasino. Gratisspinn, innskuddsbonuser, velkomstbonus og mange andre bonuser i Blaze nettkasino\" \/>\n<meta name=\"robots\" content=\"index, follow, max-snippet:-1, max-image-preview:large, max-video-preview:-1\" \/>\n<link rel=\"canonical\" href=\"https:\/\/blaze-cassino.com\/nb\/bonuses-at-blaze-online-casino\/\" \/>\n<meta property=\"og:locale\" content=\"nb_NO\" \/>\n<meta property=\"og:locale:alternate\" content=\"ru_RU\" \/>\n<meta property=\"og:locale:alternate\" content=\"en_US\" \/>\n<meta property=\"og:locale:alternate\" content=\"pt_BR\" \/>\n<meta property=\"og:locale:alternate\" content=\"es_ES\" \/>\n<meta property=\"og:locale:alternate\" content=\"fr_FR\" \/>\n<meta property=\"og:locale:alternate\" content=\"it_IT\" \/>\n<meta property=\"og:locale:alternate\" content=\"pl_PL\" \/>\n<meta property=\"og:locale:alternate\" content=\"hi-IN\" \/>\n<meta property=\"og:locale:alternate\" content=\"fi-FI\" \/>\n<meta property=\"og:locale:alternate\" content=\"ja-JP\" \/>\n<meta property=\"og:locale:alternate\" content=\"el-GR\" \/>\n<meta property=\"og:locale:alternate\" content=\"sk-SK\" \/>\n<meta property=\"og:locale:alternate\" content=\"ro-RO\" \/>\n<meta property=\"og:locale:alternate\" content=\"tr-TR\" \/>\n<meta property=\"og:type\" content=\"article\" \/>\n<meta property=\"og:title\" content=\"Bonuser i Blaze nettkasino\" \/>\n<meta property=\"og:url\" content=\"https:\/\/blaze-cassino.com\/nb\/bonuses-at-blaze-online-casino\/\" \/>\n<meta property=\"og:site_name\" content=\"Blaze Casino\" \/>\n<meta property=\"article:modified_time\" content=\"2026-04-10T18:12:16+00:00\" \/>\n<meta name=\"twitter:card\" content=\"summary_large_image\" \/>\n<meta name=\"twitter:label1\" content=\"Ansl. lesetid\" \/>\n\t<meta name=\"twitter:data1\" content=\"4 minutter\" \/>\n<script type=\"application\/ld+json\" class=\"yoast-schema-graph\">{\"@context\":\"https:\\\/\\\/schema.org\",\"@graph\":[{\"@type\":\"WebPage\",\"@id\":\"https:\\\/\\\/blaze-cassino.com\\\/tr\\\/bonuses-at-blaze-online-casino\\\/\",\"url\":\"https:\\\/\\\/blaze-cassino.com\\\/tr\\\/bonuses-at-blaze-online-casino\\\/\",\"name\":\"Bonuser i Blaze nettkasino\",\"isPartOf\":{\"@id\":\"https:\\\/\\\/blaze-cassino.com\\\/#website\"},\"datePublished\":\"2024-06-07T18:15:24+00:00\",\"dateModified\":\"2026-04-10T18:12:16+00:00\",\"description\":\"Vi har samlet bonuser i Blaze nettkasino. Gratisspinn, innskuddsbonuser, velkomstbonus og mange andre bonuser i Blaze nettkasino\",\"breadcrumb\":{\"@id\":\"https:\\\/\\\/blaze-cassino.com\\\/tr\\\/bonuses-at-blaze-online-casino\\\/#breadcrumb\"},\"inLanguage\":\"nb-NO\",\"potentialAction\":[{\"@type\":\"ReadAction\",\"target\":[\"https:\\\/\\\/blaze-cassino.com\\\/tr\\\/bonuses-at-blaze-online-casino\\\/\"]}]},{\"@type\":\"BreadcrumbList\",\"@id\":\"https:\\\/\\\/blaze-cassino.com\\\/tr\\\/bonuses-at-blaze-online-casino\\\/#breadcrumb\",\"itemListElement\":[{\"@type\":\"ListItem\",\"position\":1,\"name\":\"\u0413\u043b\u0430\u0432\u043d\u0430\u044f \u0441\u0442\u0440\u0430\u043d\u0438\u0446\u0430\",\"item\":\"https:\\\/\\\/blaze-cassino.com\\\/tr\\\/\"},{\"@type\":\"ListItem\",\"position\":2,\"name\":\"Bonuslar\"}]},{\"@type\":\"WebSite\",\"@id\":\"https:\\\/\\\/blaze-cassino.com\\\/#website\",\"url\":\"https:\\\/\\\/blaze-cassino.com\\\/\",\"name\":\"Blaze Casino\",\"description\":\"\",\"potentialAction\":[{\"@type\":\"SearchAction\",\"target\":{\"@type\":\"EntryPoint\",\"urlTemplate\":\"https:\\\/\\\/blaze-cassino.com\\\/?s={search_term_string}\"},\"query-input\":{\"@type\":\"PropertyValueSpecification\",\"valueRequired\":true,\"valueName\":\"search_term_string\"}}],\"inLanguage\":\"nb-NO\"}]}<\/script>\n<!-- \/ Yoast SEO plugin. -->","yoast_head_json":{"title":"Bonuser i Blaze nettkasino","description":"Vi har samlet bonuser i Blaze nettkasino. Gratisspinn, innskuddsbonuser, velkomstbonus og mange andre bonuser i Blaze nettkasino","robots":{"index":"index","follow":"follow","max-snippet":"max-snippet:-1","max-image-preview":"max-image-preview:large","max-video-preview":"max-video-preview:-1"},"canonical":"https:\/\/blaze-cassino.com\/nb\/bonuses-at-blaze-online-casino\/","og_locale":"nb_NO","og_type":"article","og_title":"[:ru]\u0411\u043e\u043d\u0443\u0441\u044b \u0432 \u043e\u043d\u043b\u0430\u0439\u043d \u043a\u0430\u0437\u0438\u043d\u043e Blaze[:en]Bonuses at Blaze Online Casino[:pt]B\u00f4nus no Cassino Online Blaze[:es]Bonos en el Casino Online Blaze[:fr]Bonus au Casino en Ligne Blaze[:it]Bonus presso il Casin\u00f2 Online Blaze[:pl]Bonusy w kasynie online Blaze[:hi]Blaze \u0911\u0928\u0932\u093e\u0907\u0928 \u0915\u0948\u0938\u0940\u0928\u094b \u092e\u0947\u0902 \u092c\u094b\u0928\u0938[:fi]Bonukset Blaze-verkkokasinolla[:nb]Bonuser i Blaze nettkasino[:ja]Blaze\u30aa\u30f3\u30e9\u30a4\u30f3\u30ab\u30b8\u30ce\u306e\u30dc\u30fc\u30ca\u30b9[:el]\u039c\u03c0\u03cc\u03bd\u03bf\u03c5\u03c2 \u03c3\u03c4\u03bf online \u03ba\u03b1\u03b6\u03af\u03bd\u03bf Blaze[:sk]Bonusy v online kas\u00edne Blaze[:ro]Bonusuri \u00een cazinoul online Blaze[:tr]Blaze online kumarhanesinde bonuslar[:]","og_url":"https:\/\/blaze-cassino.com\/nb\/bonuses-at-blaze-online-casino\/","og_site_name":"Blaze Casino","article_modified_time":"2026-04-10T18:12:16+00:00","twitter_card":"summary_large_image","twitter_misc":{"Ansl. lesetid":"4 minutter"},"schema":{"@context":"https:\/\/schema.org","@graph":[{"@type":"WebPage","@id":"https:\/\/blaze-cassino.com\/tr\/bonuses-at-blaze-online-casino\/","url":"https:\/\/blaze-cassino.com\/tr\/bonuses-at-blaze-online-casino\/","name":"Bonuser i Blaze nettkasino","isPartOf":{"@id":"https:\/\/blaze-cassino.com\/#website"},"datePublished":"2024-06-07T18:15:24+00:00","dateModified":"2026-04-10T18:12:16+00:00","description":"Vi har samlet bonuser i Blaze nettkasino. Gratisspinn, innskuddsbonuser, velkomstbonus og mange andre bonuser i Blaze nettkasino","breadcrumb":{"@id":"https:\/\/blaze-cassino.com\/tr\/bonuses-at-blaze-online-casino\/#breadcrumb"},"inLanguage":"nb-NO","potentialAction":[{"@type":"ReadAction","target":["https:\/\/blaze-cassino.com\/tr\/bonuses-at-blaze-online-casino\/"]}]},{"@type":"BreadcrumbList","@id":"https:\/\/blaze-cassino.com\/tr\/bonuses-at-blaze-online-casino\/#breadcrumb","itemListElement":[{"@type":"ListItem","position":1,"name":"\u0413\u043b\u0430\u0432\u043d\u0430\u044f \u0441\u0442\u0440\u0430\u043d\u0438\u0446\u0430","item":"https:\/\/blaze-cassino.com\/tr\/"},{"@type":"ListItem","position":2,"name":"Bonuslar"}]},{"@type":"WebSite","@id":"https:\/\/blaze-cassino.com\/#website","url":"https:\/\/blaze-cassino.com\/","name":"Blaze Casino","description":"","potentialAction":[{"@type":"SearchAction","target":{"@type":"EntryPoint","urlTemplate":"https:\/\/blaze-cassino.com\/?s={search_term_string}"},"query-input":{"@type":"PropertyValueSpecification","valueRequired":true,"valueName":"search_term_string"}}],"inLanguage":"nb-NO"}]}},"_links":{"self":[{"href":"https:\/\/blaze-cassino.com\/nb\/wp-json\/wp\/v2\/pages\/12","targetHints":{"allow":["GET"]}}],"collection":[{"href":"https:\/\/blaze-cassino.com\/nb\/wp-json\/wp\/v2\/pages"}],"about":[{"href":"https:\/\/blaze-cassino.com\/nb\/wp-json\/wp\/v2\/types\/page"}],"author":[{"embeddable":true,"href":"https:\/\/blaze-cassino.com\/nb\/wp-json\/wp\/v2\/users\/1"}],"replies":[{"embeddable":true,"href":"https:\/\/blaze-cassino.com\/nb\/wp-json\/wp\/v2\/comments?post=12"}],"version-history":[{"count":32,"href":"https:\/\/blaze-cassino.com\/nb\/wp-json\/wp\/v2\/pages\/12\/revisions"}],"predecessor-version":[{"id":140,"href":"https:\/\/blaze-cassino.com\/nb\/wp-json\/wp\/v2\/pages\/12\/revisions\/140"}],"wp:attachment":[{"href":"https:\/\/blaze-cassino.com\/nb\/wp-json\/wp\/v2\/media?parent=12"}],"curies":[{"name":"wp","href":"https:\/\/api.w.org\/{rel}","templated":true}]}}