{"id":12,"date":"2024-06-07T21:15:24","date_gmt":"2024-06-07T18:15:24","guid":{"rendered":"https:\/\/blaze-cassino.com\/?page_id=12"},"modified":"2026-04-10T21:12:16","modified_gmt":"2026-04-10T18:12:16","slug":"bonuses-at-blaze-online-casino","status":"publish","type":"page","link":"https:\/\/blaze-cassino.com\/tr\/bonuses-at-blaze-online-casino\/","title":{"rendered":"Bonuslar"},"content":{"rendered":"<p><span style=\"font-weight: 400;\">Blaze \u00e7evrimi\u00e7i kumarhanesinde, oyuncunun her hareketini ek kazan\u00e7 f\u0131rsat\u0131na d\u00f6n\u00fc\u015ft\u00fcren \u00e7ok seviyeli bir \u00f6d\u00fcl ekosistemi geli\u015ftirdik. Sadece tek seferlik promosyonlar de\u011fil, kay\u0131t an\u0131n\u0131zdan elit VIP stat\u00fclerine ula\u015fana kadar tam bir destek program\u0131 sunuyoruz. Amac\u0131m\u0131z, her bonus i\u00e7in \u015feffaf ko\u015fullar ve ger\u00e7ek de\u011fer garanti ederek, her m\u00fc\u015fterinin oyun sermayesini maksimum verimlilikle y\u00f6netmesini sa\u011flamakt\u0131r.<\/span><\/p>\n<style>\n    noindex{\n        width: 100%;\n        display: flex;\n        justify-content: center;\n        margin: 1em 0;\n    }\n    body noindex .rating_btn {\n        display: flex;\n        align-items: center;\n        justify-content: center;\n        padding: 12px 16px;\n        border-radius: 14px;\n        border: 1px solid rgb(255 255 255 \/ 12%);\n        background: linear-gradient(180deg, rgba(255, 255, 255, 0.1), rgba(255, 255, 255, 0.03)), #2f7dff;\n        color: white;\n        text-decoration: none;\n        font-weight: 800;\n        letter-spacing: 0.2px;\n        transition: 300ms;\n        box-shadow: 0 12px 26px rgba(47, 125, 255, 0.35);\n        cursor: pointer;\n        font-size: 18px;\n    }\n    .rating_btn:hover {\n        background: linear-gradient(180deg, rgba(255, 255, 255, 0.1), rgba(255, 255, 255, 0.03)), #2060cc;\n    }    \n    noindex br{\n        display: none;\n    }\n<\/style>\n<p><noindex><br \/>\n    <a class=\"rating_btn\" href=\"https:\/\/www.gotoplaynow.link\/c\/531f4d32b72f085e\" rel=\"nofollow\" target=\"_blank\" title=\"Bonusla Oyna\"><br \/>\n        Bonusla Oyna<br \/>\n    <\/a><br \/>\n<\/noindex><\/p>\n<h2><b>Ho\u015f Geldin Paketi: Yeni Zaferler \u0130\u00e7in G\u00fc\u00e7l\u00fc Bir Ba\u015flang\u0131\u00e7<\/b><\/h2>\n<p><span style=\"font-weight: 400;\">Blaze yolculu\u011funa yeni ba\u015flayanlar i\u00e7in, oyuna sa\u011flam bir avantajla girmenizi sa\u011flayacak \u00f6zel bir ho\u015f geldin teklifi haz\u0131rlad\u0131k.<\/span><\/p>\n<ol>\n<li style=\"margin-bottom: 15px;\"><b>\u0130lk Para Yat\u0131rma \u0130\u015flemine %100 Bonus<\/b><span style=\"font-weight: 400;\"> \u2014 \u0130lk y\u00fcklemenizde Blaze kumarhanesi bakiyenizi ikiye katlar. Maksimum bonus miktar\u0131 200 \u20ac&#8217;dur (veya 200 $ kar\u015f\u0131l\u0131\u011f\u0131). Bu, 200 \u20ac yat\u0131rd\u0131\u011f\u0131n\u0131zda, tam oyun oynamak i\u00e7in hesab\u0131n\u0131zda 400 \u20ac olaca\u011f\u0131 anlam\u0131na gelir.<\/span><\/li>\n<li style=\"margin-bottom: 15px;\"><b>40 \u00dccretsiz Tur Paketi<\/b><span style=\"font-weight: 400;\"> \u2014 Nakit bonusun yan\u0131 s\u0131ra yeni oyuncular 40 bedava d\u00f6n\u00fc\u015f (free spin) kazan\u0131r. Bu teklifi etkinle\u015ftirmek i\u00e7in minimum para yat\u0131rma tutar\u0131 sadece 10 \u20ac&#8217;dur. Bedava d\u00f6n\u00fc\u015flerin yaln\u0131zca ilk para yat\u0131rma i\u015flemi i\u00e7in ge\u00e7erli oldu\u011funu l\u00fctfen unutmay\u0131n.<\/span><\/li>\n<li style=\"margin-bottom: 15px;\"><b>Adil Oyun Ko\u015fullar\u0131 (Bonus \u015eartlar\u0131)<\/b><span style=\"font-weight: 400;\"> \u2014 \u015eeffafl\u0131k politikas\u0131n\u0131 izliyoruz: aktif bir bonus bakiyesi varken maksimum bahis tutar\u0131 5 \u20ac \/ 5 $&#8217;d\u0131r. Bu kural, oyuncular\u0131n oyunun tad\u0131n\u0131 daha uzun s\u00fcre \u00e7\u0131karmas\u0131n\u0131 sa\u011flar ve sistem istikrar\u0131n\u0131 garanti eder.<\/span><\/li>\n<\/ol>\n<h2><b>Sadakat Sistemi ve Kademeli \u00d6d\u00fcller<\/b><\/h2>\n<p><span style=\"font-weight: 400;\">Blaze&#8217;deki oyun deneyimi oyunla\u015ft\u0131r\u0131lm\u0131\u015ft\u0131r: her bahis sizi yeni bir seviyeye ve daha prestijli \u00f6d\u00fcllere yakla\u015ft\u0131r\u0131r.<\/span><\/p>\n<ol>\n<li style=\"margin-bottom: 15px;\"><b>Daily Spin: G\u00fcnl\u00fck \u015eans Dozunuz<\/b><span style=\"font-weight: 400;\"> \u2014 Her 24 saatte bir, her aktif kullan\u0131c\u0131 \u00f6d\u00fcl \u00e7ark\u0131nda bir d\u00f6nd\u00fcrme hakk\u0131 kazan\u0131r. R\u00fctbenize ba\u011fl\u0131 olarak farkl\u0131 ruletlerin kilidini a\u00e7ars\u0131n\u0131z: Bronze, Silver, Gold, Platinum veya Diamond. Stat\u00fcn\u00fcz ne kadar y\u00fcksekse, \u00e7arktaki hediyeler o kadar de\u011ferli olur.<\/span><\/li>\n<li style=\"margin-bottom: 15px;\"><b>Level Up Reward: Geli\u015fim \u0130\u00e7in \u00d6d\u00fcller<\/b><span style=\"font-weight: 400;\"> \u2014 Her seviye atlad\u0131\u011f\u0131n\u0131zda, sistem sizi \u00fc\u00e7 gizemli sand\u0131ktan birini se\u00e7meye davet eder. \u0130\u00e7eride bonus fonlar\u0131, bedava d\u00f6n\u00fc\u015fler veya di\u011fer de\u011ferli ayr\u0131cal\u0131klar bulabilirsiniz.<\/span><\/li>\n<li style=\"margin-bottom: 15px;\"><b>Double XP: \u0130lerlemeyi H\u0131zland\u0131r\u0131n<\/b><span style=\"font-weight: 400;\"> \u2014 Oyuncular\u0131n profillerini iki kat daha h\u0131zl\u0131 geli\u015ftirmelerine olanak tan\u0131yan &#8220;Double XP&#8221; promosyonunu d\u00fczenli olarak etkinle\u015ftiriyoruz. Bu, elit ayr\u0131cal\u0131klara sahip olman\u0131n ve Diamond ruletine eri\u015fmenin en k\u0131sa yoludur.<\/span><\/li>\n<\/ol>\n<style>\n    noindex{\n        width: 100%;\n        display: flex;\n        justify-content: center;\n        margin: 1em 0;\n    }\n    body noindex .rating_btn {\n        display: flex;\n        align-items: center;\n        justify-content: center;\n        padding: 12px 16px;\n        border-radius: 14px;\n        border: 1px solid rgb(255 255 255 \/ 12%);\n        background: linear-gradient(180deg, rgba(255, 255, 255, 0.1), rgba(255, 255, 255, 0.03)), #2f7dff;\n        color: white;\n        text-decoration: none;\n        font-weight: 800;\n        letter-spacing: 0.2px;\n        transition: 300ms;\n        box-shadow: 0 12px 26px rgba(47, 125, 255, 0.35);\n        cursor: pointer;\n        font-size: 18px;\n    }\n    .rating_btn:hover {\n        background: linear-gradient(180deg, rgba(255, 255, 255, 0.1), rgba(255, 255, 255, 0.03)), #2060cc;\n    }    \n    noindex br{\n        display: none;\n    }\n<\/style>\n<p><noindex><br \/>\n    <a class=\"rating_btn\" href=\"https:\/\/www.gotoplaynow.link\/c\/531f4d32b72f085e\" rel=\"nofollow\" target=\"_blank\" title=\"Bonusla Oyna\"><br \/>\n        Bonusla Oyna<br \/>\n    <\/a><br \/>\n<\/noindex><\/p>\n<h2><b>\u00d6zel Promosyonlar ve Referans Program\u0131<\/b><\/h2>\n<p><span style=\"font-weight: 400;\">Oyuncular\u0131m\u0131z\u0131n sadakatine ve sosyal aktivitelerine de\u011fer veriyor, pasif gelir elde etme ve riskleri en aza indirme ara\u00e7lar\u0131 sunuyoruz.<\/span><\/p>\n<ol>\n<li style=\"margin-bottom: 15px;\"><b>&#8220;Bir Arkada\u015f\u0131n\u0131 Davet Et&#8221; Program\u0131<\/b><span style=\"font-weight: 400;\"> \u2014 Arkada\u015flar\u0131n\u0131zla birlikte kazanmak ister misiniz? &#8220;\u00d6d\u00fcllerim&#8221; b\u00f6l\u00fcm\u00fcndeki benzersiz referans ba\u011flant\u0131n\u0131z\u0131 kullan\u0131n. Platformun ko\u015fullar\u0131n\u0131 kar\u015f\u0131layan her davet edilen arkada\u015f\u0131n\u0131z i\u00e7in do\u011frudan bakiyenize 5.00 USD&#8217;ye kadar \u00f6d\u00fcl al\u0131rs\u0131n\u0131z. Davet say\u0131s\u0131 s\u0131n\u0131rs\u0131zd\u0131r!<\/span><\/li>\n<li style=\"margin-bottom: 15px;\"><b>Cashback \/ Refund: Kazanmak \u0130\u00e7in \u0130kinci \u015eans<\/b><span style=\"font-weight: 400;\"> \u2014 Blaze&#8217;de, ger\u00e7ek para kay\u0131plar\u0131n\u0131n bir k\u0131sm\u0131n\u0131 iade eden bir geri \u00f6deme (cashback) sistemi vard\u0131r. Bu, riskleri \u00f6nemli \u00f6l\u00e7\u00fcde azalt\u0131r ve bir \u015fanss\u0131zl\u0131k serisinden sonra bile oyuna devam etmenizi sa\u011flar. Geri \u00f6deme hesaplamas\u0131, oyun aktivitenizi dikkate alan adil bir form\u00fcle dayan\u0131r.<\/span><\/li>\n<li style=\"margin-bottom: 15px;\"><b>Original Serisi Oyunlarda Bedava D\u00f6n\u00fc\u015fler<\/b><span style=\"font-weight: 400;\"> \u2014 Efsanevi Crash veya Double oyunlar\u0131 i\u00e7in \u00fccretsiz turlar kazan\u0131n. Bu d\u00f6n\u00fc\u015flerden elde edilen kazan\u00e7lar bonusa d\u00f6n\u00fc\u015ft\u00fcr\u00fcl\u00fcr ve tek bir d\u00f6nd\u00fcrmenin de\u011feri m\u00fctevaz\u0131 miktarlardan etkileyici 5000 \u20ac&#8217;ya kadar \u00e7\u0131kabilir.<\/span><\/li>\n<\/ol>\n<h2><b>VIP Kul\u00fcb\u00fc ve \u00d6zel Fiziksel \u00d6d\u00fcller<\/b><\/h2>\n<p><span style=\"font-weight: 400;\">En sad\u0131k oyuncular\u0131m\u0131z i\u00e7in Blaze, dijital platformun \u00f6tesine ge\u00e7en bir hizmet seviyesi sunar.<\/span><\/p>\n<ul>\n<li style=\"margin-bottom: 10px;\"><b>Fiziksel \u00dcr\u00fcnler (Physical Goods)<\/b> \u2014 Kazananlara ve aktif oyunculara do\u011frudan evlerine g\u00f6nderdi\u011fimiz bir\u00e7ok de\u011ferli \u00fcr\u00fcn se\u00e7tik.<\/li>\n<li style=\"margin-bottom: 10px;\"><b>Ki\u015fisel Y\u00f6netim<\/b> \u2014 VIP m\u00fc\u015fteriler ki\u015fisel bir y\u00f6netici deste\u011fi al\u0131r ve t\u00fcm taleplerin i\u015flenmesinde \u00f6nceli\u011fe sahip olur.<\/li>\n<li style=\"margin-bottom: 10px;\"><b>B\u00fcy\u00fck \u00d6d\u00fcl Havuzlu Turnuvalar<\/b> \u2014 Slotlarda ve masa oyunlar\u0131nda d\u00fczenlenen d\u00fczenli yar\u0131\u015fmalar, b\u00fcy\u00fck nakit \u00f6d\u00fcller i\u00e7in di\u011fer kat\u0131l\u0131mc\u0131larla rekabet etmenizi sa\u011flar.<\/li>\n<\/ul>\n<h2><b>Bonuslar Do\u011fru \u015eekilde Nas\u0131l Etkinle\u015ftirilir ve Kullan\u0131l\u0131r?<\/b><\/h2>\n<p style=\"background: #f9f9f9; padding: 15px; border-left: 4px solid #e84d4d;\"><span style=\"font-weight: 400;\"><strong>\u00d6nemli Hat\u0131rlatma:<\/strong> Blaze&#8217;de ki\u015fi ba\u015f\u0131na yaln\u0131zca 1 hesaba izin verilir. Birden fazla bonus almak amac\u0131yla kopya hesaplar olu\u015fturmak, t\u00fcm hesaplar\u0131n an\u0131nda engellenmesine ve kazan\u00e7lar\u0131n iptal edilmesine yol a\u00e7acakt\u0131r. Verilerinizi \u00fc\u00e7\u00fcnc\u00fc \u015fah\u0131slarla payla\u015fmay\u0131n!<\/span><\/p>\n<ol>\n<li style=\"margin-bottom: 10px;\"><b>Kay\u0131t:<\/b> E-postan\u0131z\u0131 kullanarak veya Google \u00fczerinden h\u0131zl\u0131 giri\u015f yaparak bir profil olu\u015fturun.<\/li>\n<li style=\"margin-bottom: 10px;\"><b>Do\u011frulama:<\/b> Para \u00e7ekmeden \u00f6nce, &#8220;Hesap&#8221; b\u00f6l\u00fcm\u00fcne gerekli belgeleri (Kimlik ve adres kan\u0131t\u0131) y\u00fckledi\u011finizden emin olun. Do\u011frulama genellikle 48 saate kadar s\u00fcrer.<\/li>\n<li style=\"margin-bottom: 10px;\"><b>Para Yat\u0131rma:<\/b> Hesab\u0131n\u0131za para y\u00fcklerken (bonus i\u00e7in minimum 10 \u20ac), \u00f6demeyi onaylamadan \u00f6nce &#8220;Bonusunuzu se\u00e7in&#8221; penceresinden istedi\u011finiz teklifi se\u00e7in.<\/li>\n<\/ol>\n<p><span style=\"font-weight: 400;\">Blaze bonus program\u0131, oyun potansiyelinizi art\u0131rmak i\u00e7in g\u00fcvenilir arac\u0131n\u0131zd\u0131r. \u0130ster klasik slotlar\u0131, ister Canl\u0131 Kumarhaneyi veya \u00f6zel Crash ve Double oyunlar\u0131m\u0131z\u0131 tercih edin, her zaman bahsinizi daha karl\u0131 hale getirecek bir promosyon bulacaks\u0131n\u0131z. Blaze&#8217;e kat\u0131l\u0131n, hesab\u0131n\u0131z\u0131 geli\u015ftirin ve \u00e7evrimi\u00e7i kumar pazar\u0131ndaki en iyi \u00f6d\u00fclleri toplay\u0131n!<\/span><\/p>\n<style>\n    noindex{\n        width: 100%;\n        display: flex;\n        justify-content: center;\n        margin: 1em 0;\n    }\n    body noindex .rating_btn {\n        display: flex;\n        align-items: center;\n        justify-content: center;\n        padding: 12px 16px;\n        border-radius: 14px;\n        border: 1px solid rgb(255 255 255 \/ 12%);\n        background: linear-gradient(180deg, rgba(255, 255, 255, 0.1), rgba(255, 255, 255, 0.03)), #2f7dff;\n        color: white;\n        text-decoration: none;\n        font-weight: 800;\n        letter-spacing: 0.2px;\n        transition: 300ms;\n        box-shadow: 0 12px 26px rgba(47, 125, 255, 0.35);\n        cursor: pointer;\n        font-size: 18px;\n    }\n    .rating_btn:hover {\n        background: linear-gradient(180deg, rgba(255, 255, 255, 0.1), rgba(255, 255, 255, 0.03)), #2060cc;\n    }    \n    noindex br{\n        display: none;\n    }\n<\/style>\n<p><noindex><br \/>\n    <a class=\"rating_btn\" href=\"https:\/\/www.gotoplaynow.link\/c\/531f4d32b72f085e\" rel=\"nofollow\" target=\"_blank\" title=\"Bonusla Oyna\"><br \/>\n        Bonusla Oyna<br \/>\n    <\/a><br \/>\n<\/noindex><\/p>\n","protected":false},"excerpt":{"rendered":"<p>Blaze \u00e7evrimi\u00e7i kumarhanesinde, oyuncunun her hareketini ek kazan\u00e7 f\u0131rsat\u0131na d\u00f6n\u00fc\u015ft\u00fcren \u00e7ok seviyeli bir \u00f6d\u00fcl ekosistemi geli\u015ftirdik. Sadece tek seferlik promosyonlar de\u011fil, kay\u0131t an\u0131n\u0131zdan elit VIP&#8230;<\/p>\n<div class=\"more-link-wrapper\"><a class=\"more-link\" href=\"https:\/\/blaze-cassino.com\/tr\/bonuses-at-blaze-online-casino\/\">Devam\u0131n\u0131 Oku<span class=\"screen-reader-text\">Bonuslar<\/span><\/a><\/div>\n","protected":false},"author":1,"featured_media":0,"parent":0,"menu_order":0,"comment_status":"closed","ping_status":"closed","template":"templates\/full-width.php","meta":{"footnotes":""},"class_list":["post-12","page","type-page","status-publish","hentry","entry"],"yoast_head":"<!-- This site is optimized with the Yoast SEO plugin v27.3 - https:\/\/yoast.com\/product\/yoast-seo-wordpress\/ -->\n<title>Blaze online kumarhanesinde bonuslar<\/title>\n<meta name=\"description\" content=\"Blaze online kumarhanesindeki bonuslar\u0131 derledik. \u00dccretsiz d\u00f6n\u00fc\u015fler, yat\u0131r\u0131m bonuslar\u0131, ho\u015f geldin bonusu ve Blaze online kumarhanesinde bir\u00e7ok di\u011fer bonus\" \/>\n<meta name=\"robots\" content=\"index, follow, max-snippet:-1, max-image-preview:large, max-video-preview:-1\" \/>\n<link rel=\"canonical\" href=\"https:\/\/blaze-cassino.com\/tr\/bonuses-at-blaze-online-casino\/\" \/>\n<meta property=\"og:locale\" content=\"tr_TR\" \/>\n<meta property=\"og:locale:alternate\" content=\"ru_RU\" \/>\n<meta property=\"og:locale:alternate\" content=\"en_US\" \/>\n<meta property=\"og:locale:alternate\" content=\"pt_BR\" \/>\n<meta property=\"og:locale:alternate\" content=\"es_ES\" \/>\n<meta property=\"og:locale:alternate\" content=\"fr_FR\" \/>\n<meta property=\"og:locale:alternate\" content=\"it_IT\" \/>\n<meta property=\"og:locale:alternate\" content=\"pl_PL\" \/>\n<meta property=\"og:locale:alternate\" content=\"hi-IN\" \/>\n<meta property=\"og:locale:alternate\" content=\"fi-FI\" \/>\n<meta property=\"og:locale:alternate\" content=\"nb-NO\" \/>\n<meta property=\"og:locale:alternate\" content=\"ja-JP\" \/>\n<meta property=\"og:locale:alternate\" content=\"el-GR\" \/>\n<meta property=\"og:locale:alternate\" content=\"sk-SK\" \/>\n<meta property=\"og:locale:alternate\" content=\"ro-RO\" \/>\n<meta property=\"og:type\" content=\"article\" \/>\n<meta property=\"og:title\" content=\"Blaze online kumarhanesinde bonuslar\" \/>\n<meta property=\"og:url\" content=\"https:\/\/blaze-cassino.com\/tr\/bonuses-at-blaze-online-casino\/\" \/>\n<meta property=\"og:site_name\" content=\"Blaze Casino\" \/>\n<meta property=\"article:modified_time\" content=\"2026-04-10T18:12:16+00:00\" \/>\n<meta name=\"twitter:card\" content=\"summary_large_image\" \/>\n<meta name=\"twitter:label1\" content=\"Tahmini okuma s\u00fcresi\" \/>\n\t<meta name=\"twitter:data1\" content=\"4 dakika\" \/>\n<script type=\"application\/ld+json\" class=\"yoast-schema-graph\">{\"@context\":\"https:\\\/\\\/schema.org\",\"@graph\":[{\"@type\":\"WebPage\",\"@id\":\"https:\\\/\\\/blaze-cassino.com\\\/tr\\\/bonuses-at-blaze-online-casino\\\/\",\"url\":\"https:\\\/\\\/blaze-cassino.com\\\/tr\\\/bonuses-at-blaze-online-casino\\\/\",\"name\":\"Blaze online kumarhanesinde bonuslar\",\"isPartOf\":{\"@id\":\"https:\\\/\\\/blaze-cassino.com\\\/#website\"},\"datePublished\":\"2024-06-07T18:15:24+00:00\",\"dateModified\":\"2026-04-10T18:12:16+00:00\",\"description\":\"Blaze online kumarhanesindeki bonuslar\u0131 derledik. \u00dccretsiz d\u00f6n\u00fc\u015fler, yat\u0131r\u0131m bonuslar\u0131, ho\u015f geldin bonusu ve Blaze online kumarhanesinde bir\u00e7ok di\u011fer bonus\",\"breadcrumb\":{\"@id\":\"https:\\\/\\\/blaze-cassino.com\\\/tr\\\/bonuses-at-blaze-online-casino\\\/#breadcrumb\"},\"inLanguage\":\"tr-TR\",\"potentialAction\":[{\"@type\":\"ReadAction\",\"target\":[\"https:\\\/\\\/blaze-cassino.com\\\/tr\\\/bonuses-at-blaze-online-casino\\\/\"]}]},{\"@type\":\"BreadcrumbList\",\"@id\":\"https:\\\/\\\/blaze-cassino.com\\\/tr\\\/bonuses-at-blaze-online-casino\\\/#breadcrumb\",\"itemListElement\":[{\"@type\":\"ListItem\",\"position\":1,\"name\":\"\u0413\u043b\u0430\u0432\u043d\u0430\u044f \u0441\u0442\u0440\u0430\u043d\u0438\u0446\u0430\",\"item\":\"https:\\\/\\\/blaze-cassino.com\\\/tr\\\/\"},{\"@type\":\"ListItem\",\"position\":2,\"name\":\"Bonuslar\"}]},{\"@type\":\"WebSite\",\"@id\":\"https:\\\/\\\/blaze-cassino.com\\\/#website\",\"url\":\"https:\\\/\\\/blaze-cassino.com\\\/\",\"name\":\"Blaze Casino\",\"description\":\"\",\"potentialAction\":[{\"@type\":\"SearchAction\",\"target\":{\"@type\":\"EntryPoint\",\"urlTemplate\":\"https:\\\/\\\/blaze-cassino.com\\\/?s={search_term_string}\"},\"query-input\":{\"@type\":\"PropertyValueSpecification\",\"valueRequired\":true,\"valueName\":\"search_term_string\"}}],\"inLanguage\":\"tr-TR\"}]}<\/script>\n<!-- \/ Yoast SEO plugin. -->","yoast_head_json":{"title":"Blaze online kumarhanesinde bonuslar","description":"Blaze online kumarhanesindeki bonuslar\u0131 derledik. \u00dccretsiz d\u00f6n\u00fc\u015fler, yat\u0131r\u0131m bonuslar\u0131, ho\u015f geldin bonusu ve Blaze online kumarhanesinde bir\u00e7ok di\u011fer bonus","robots":{"index":"index","follow":"follow","max-snippet":"max-snippet:-1","max-image-preview":"max-image-preview:large","max-video-preview":"max-video-preview:-1"},"canonical":"https:\/\/blaze-cassino.com\/tr\/bonuses-at-blaze-online-casino\/","og_locale":"tr_TR","og_type":"article","og_title":"[:ru]\u0411\u043e\u043d\u0443\u0441\u044b \u0432 \u043e\u043d\u043b\u0430\u0439\u043d \u043a\u0430\u0437\u0438\u043d\u043e Blaze[:en]Bonuses at Blaze Online Casino[:pt]B\u00f4nus no Cassino Online Blaze[:es]Bonos en el Casino Online Blaze[:fr]Bonus au Casino en Ligne Blaze[:it]Bonus presso il Casin\u00f2 Online Blaze[:pl]Bonusy w kasynie online Blaze[:hi]Blaze \u0911\u0928\u0932\u093e\u0907\u0928 \u0915\u0948\u0938\u0940\u0928\u094b \u092e\u0947\u0902 \u092c\u094b\u0928\u0938[:fi]Bonukset Blaze-verkkokasinolla[:nb]Bonuser i Blaze nettkasino[:ja]Blaze\u30aa\u30f3\u30e9\u30a4\u30f3\u30ab\u30b8\u30ce\u306e\u30dc\u30fc\u30ca\u30b9[:el]\u039c\u03c0\u03cc\u03bd\u03bf\u03c5\u03c2 \u03c3\u03c4\u03bf online \u03ba\u03b1\u03b6\u03af\u03bd\u03bf Blaze[:sk]Bonusy v online kas\u00edne Blaze[:ro]Bonusuri \u00een cazinoul online Blaze[:tr]Blaze online kumarhanesinde bonuslar[:]","og_url":"https:\/\/blaze-cassino.com\/tr\/bonuses-at-blaze-online-casino\/","og_site_name":"Blaze Casino","article_modified_time":"2026-04-10T18:12:16+00:00","twitter_card":"summary_large_image","twitter_misc":{"Tahmini okuma s\u00fcresi":"4 dakika"},"schema":{"@context":"https:\/\/schema.org","@graph":[{"@type":"WebPage","@id":"https:\/\/blaze-cassino.com\/tr\/bonuses-at-blaze-online-casino\/","url":"https:\/\/blaze-cassino.com\/tr\/bonuses-at-blaze-online-casino\/","name":"Blaze online kumarhanesinde bonuslar","isPartOf":{"@id":"https:\/\/blaze-cassino.com\/#website"},"datePublished":"2024-06-07T18:15:24+00:00","dateModified":"2026-04-10T18:12:16+00:00","description":"Blaze online kumarhanesindeki bonuslar\u0131 derledik. \u00dccretsiz d\u00f6n\u00fc\u015fler, yat\u0131r\u0131m bonuslar\u0131, ho\u015f geldin bonusu ve Blaze online kumarhanesinde bir\u00e7ok di\u011fer bonus","breadcrumb":{"@id":"https:\/\/blaze-cassino.com\/tr\/bonuses-at-blaze-online-casino\/#breadcrumb"},"inLanguage":"tr-TR","potentialAction":[{"@type":"ReadAction","target":["https:\/\/blaze-cassino.com\/tr\/bonuses-at-blaze-online-casino\/"]}]},{"@type":"BreadcrumbList","@id":"https:\/\/blaze-cassino.com\/tr\/bonuses-at-blaze-online-casino\/#breadcrumb","itemListElement":[{"@type":"ListItem","position":1,"name":"\u0413\u043b\u0430\u0432\u043d\u0430\u044f \u0441\u0442\u0440\u0430\u043d\u0438\u0446\u0430","item":"https:\/\/blaze-cassino.com\/tr\/"},{"@type":"ListItem","position":2,"name":"Bonuslar"}]},{"@type":"WebSite","@id":"https:\/\/blaze-cassino.com\/#website","url":"https:\/\/blaze-cassino.com\/","name":"Blaze Casino","description":"","potentialAction":[{"@type":"SearchAction","target":{"@type":"EntryPoint","urlTemplate":"https:\/\/blaze-cassino.com\/?s={search_term_string}"},"query-input":{"@type":"PropertyValueSpecification","valueRequired":true,"valueName":"search_term_string"}}],"inLanguage":"tr-TR"}]}},"_links":{"self":[{"href":"https:\/\/blaze-cassino.com\/tr\/wp-json\/wp\/v2\/pages\/12","targetHints":{"allow":["GET"]}}],"collection":[{"href":"https:\/\/blaze-cassino.com\/tr\/wp-json\/wp\/v2\/pages"}],"about":[{"href":"https:\/\/blaze-cassino.com\/tr\/wp-json\/wp\/v2\/types\/page"}],"author":[{"embeddable":true,"href":"https:\/\/blaze-cassino.com\/tr\/wp-json\/wp\/v2\/users\/1"}],"replies":[{"embeddable":true,"href":"https:\/\/blaze-cassino.com\/tr\/wp-json\/wp\/v2\/comments?post=12"}],"version-history":[{"count":32,"href":"https:\/\/blaze-cassino.com\/tr\/wp-json\/wp\/v2\/pages\/12\/revisions"}],"predecessor-version":[{"id":140,"href":"https:\/\/blaze-cassino.com\/tr\/wp-json\/wp\/v2\/pages\/12\/revisions\/140"}],"wp:attachment":[{"href":"https:\/\/blaze-cassino.com\/tr\/wp-json\/wp\/v2\/media?parent=12"}],"curies":[{"name":"wp","href":"https:\/\/api.w.org\/{rel}","templated":true}]}}